{"id":108,"date":"2023-11-15T18:56:36","date_gmt":"2023-11-15T17:56:36","guid":{"rendered":"https:\/\/fannyroz.com\/?page_id=108"},"modified":"2024-03-06T11:45:19","modified_gmt":"2024-03-06T10:45:19","slug":"presse","status":"publish","type":"page","link":"https:\/\/fannyroz.com\/index.php\/presse\/","title":{"rendered":"Presse"},"content":{"rendered":"\t\t<div data-elementor-type=\"wp-page\" data-elementor-id=\"108\" class=\"elementor elementor-108\">\n\t\t\t\t\t\t\t<div class=\"elementor-element elementor-element-694e4c37 e-flex e-con-boxed e-con e-parent\" data-id=\"694e4c37\" data-element_type=\"container\" data-settings=\"{&quot;content_width&quot;:&quot;boxed&quot;}\" data-core-v316-plus=\"true\">\n\t\t\t\t\t<div class=\"e-con-inner\">\n\t\t\t\t<div class=\"elementor-element elementor-element-2712d6a8 elementor-widget elementor-widget-heading\" data-id=\"2712d6a8\" data-element_type=\"widget\" data-widget_type=\"heading.default\">\n\t\t\t\t<div class=\"elementor-widget-container\">\n\t\t\t<style>\/*! elementor - v3.17.0 - 08-11-2023 *\/\n.elementor-heading-title{padding:0;margin:0;line-height:1}.elementor-widget-heading .elementor-heading-title[class*=elementor-size-]>a{color:inherit;font-size:inherit;line-height:inherit}.elementor-widget-heading .elementor-heading-title.elementor-size-small{font-size:15px}.elementor-widget-heading .elementor-heading-title.elementor-size-medium{font-size:19px}.elementor-widget-heading .elementor-heading-title.elementor-size-large{font-size:29px}.elementor-widget-heading .elementor-heading-title.elementor-size-xl{font-size:39px}.elementor-widget-heading .elementor-heading-title.elementor-size-xxl{font-size:59px}<\/style><h1 class=\"elementor-heading-title elementor-size-default\">- PRESSE - <\/h1>\t\t<\/div>\n\t\t\t\t<\/div>\n\t\t\t\t\t<\/div>\n\t\t\t\t<\/div>\n\t\t<div class=\"elementor-element elementor-element-d59a444 e-flex e-con-boxed e-con e-parent\" data-id=\"d59a444\" data-element_type=\"container\" data-settings=\"{&quot;content_width&quot;:&quot;boxed&quot;}\" data-core-v316-plus=\"true\">\n\t\t\t\t\t<div class=\"e-con-inner\">\n\t\t<div class=\"elementor-element elementor-element-cc7be6e e-con-full e-flex e-con e-child\" data-id=\"cc7be6e\" data-element_type=\"container\" data-settings=\"{&quot;content_width&quot;:&quot;full&quot;}\">\n\t\t\t\t<div class=\"elementor-element elementor-element-dddcabd elementor-position-top elementor-widget elementor-widget-image-box\" data-id=\"dddcabd\" data-element_type=\"widget\" data-widget_type=\"image-box.default\">\n\t\t\t\t<div class=\"elementor-widget-container\">\n\t\t\t<style>\/*! elementor - v3.17.0 - 08-11-2023 *\/\n.elementor-widget-image-box .elementor-image-box-content{width:100%}@media (min-width:768px){.elementor-widget-image-box.elementor-position-left .elementor-image-box-wrapper,.elementor-widget-image-box.elementor-position-right .elementor-image-box-wrapper{display:flex}.elementor-widget-image-box.elementor-position-right .elementor-image-box-wrapper{text-align:right;flex-direction:row-reverse}.elementor-widget-image-box.elementor-position-left .elementor-image-box-wrapper{text-align:left;flex-direction:row}.elementor-widget-image-box.elementor-position-top .elementor-image-box-img{margin:auto}.elementor-widget-image-box.elementor-vertical-align-top .elementor-image-box-wrapper{align-items:flex-start}.elementor-widget-image-box.elementor-vertical-align-middle .elementor-image-box-wrapper{align-items:center}.elementor-widget-image-box.elementor-vertical-align-bottom .elementor-image-box-wrapper{align-items:flex-end}}@media (max-width:767px){.elementor-widget-image-box .elementor-image-box-img{margin-left:auto!important;margin-right:auto!important;margin-bottom:15px}}.elementor-widget-image-box .elementor-image-box-img{display:inline-block}.elementor-widget-image-box .elementor-image-box-title a{color:inherit}.elementor-widget-image-box .elementor-image-box-wrapper{text-align:center}.elementor-widget-image-box .elementor-image-box-description{margin:0}<\/style><div class=\"elementor-image-box-wrapper\"><figure class=\"elementor-image-box-img\"><a href=\"https:\/\/www.opus-musiques.fr\/fanny-roz-harpeuse-rock-et-engagee\/\" target=\"_blank\" tabindex=\"-1\"><img fetchpriority=\"high\" decoding=\"async\" width=\"2560\" height=\"2560\" src=\"https:\/\/fannyroz.com\/wp-content\/uploads\/2024\/01\/Cheveux335_20210613_MOREL__MV_0985_HD_Print_FannyRoz-scaled.jpg\" class=\"elementor-animation-shrink attachment-full size-full wp-image-1790\" alt=\"photo Pierre Morel\" srcset=\"https:\/\/fannyroz.com\/wp-content\/uploads\/2024\/01\/Cheveux335_20210613_MOREL__MV_0985_HD_Print_FannyRoz-scaled.jpg 2560w, https:\/\/fannyroz.com\/wp-content\/uploads\/2024\/01\/Cheveux335_20210613_MOREL__MV_0985_HD_Print_FannyRoz-300x300.jpg 300w, https:\/\/fannyroz.com\/wp-content\/uploads\/2024\/01\/Cheveux335_20210613_MOREL__MV_0985_HD_Print_FannyRoz-1024x1024.jpg 1024w, https:\/\/fannyroz.com\/wp-content\/uploads\/2024\/01\/Cheveux335_20210613_MOREL__MV_0985_HD_Print_FannyRoz-150x150.jpg 150w, https:\/\/fannyroz.com\/wp-content\/uploads\/2024\/01\/Cheveux335_20210613_MOREL__MV_0985_HD_Print_FannyRoz-768x768.jpg 768w, https:\/\/fannyroz.com\/wp-content\/uploads\/2024\/01\/Cheveux335_20210613_MOREL__MV_0985_HD_Print_FannyRoz-1536x1536.jpg 1536w, https:\/\/fannyroz.com\/wp-content\/uploads\/2024\/01\/Cheveux335_20210613_MOREL__MV_0985_HD_Print_FannyRoz-2048x2048.jpg 2048w\" sizes=\"(max-width: 2560px) 100vw, 2560px\" \/><\/a><\/figure><div class=\"elementor-image-box-content\"><h3 class=\"elementor-image-box-title\"><a href=\"https:\/\/www.opus-musiques.fr\/fanny-roz-harpeuse-rock-et-engagee\/\" target=\"_blank\">OPUS MUSIQUES<\/a><\/h3><p class=\"elementor-image-box-description\">Fanny Roz, harpeuse rock et engag\u00e9e <\/p><\/div><\/div>\t\t<\/div>\n\t\t\t\t<\/div>\n\t\t\t\t<\/div>\n\t\t<div class=\"elementor-element elementor-element-d95e1dc e-con-full e-flex e-con e-child\" data-id=\"d95e1dc\" data-element_type=\"container\" data-settings=\"{&quot;content_width&quot;:&quot;full&quot;}\">\n\t\t\t\t<div class=\"elementor-element elementor-element-a5cc05f elementor-widget__width-initial elementor-position-top elementor-widget elementor-widget-image-box\" data-id=\"a5cc05f\" data-element_type=\"widget\" data-widget_type=\"image-box.default\">\n\t\t\t\t<div class=\"elementor-widget-container\">\n\t\t\t<div class=\"elementor-image-box-wrapper\"><figure class=\"elementor-image-box-img\"><a href=\"https:\/\/www.mixcloud.com\/radiocoteaux\/fanny-roz-harpeuse-25-octobre-2023\/\" target=\"_blank\" tabindex=\"-1\"><img decoding=\"async\" width=\"1718\" height=\"1703\" src=\"https:\/\/fannyroz.com\/wp-content\/uploads\/2023\/11\/DM36492-scaled-e1705400105787.jpg\" class=\"elementor-animation-shrink attachment-full size-full wp-image-146\" alt=\"\" srcset=\"https:\/\/fannyroz.com\/wp-content\/uploads\/2023\/11\/DM36492-scaled-e1705400105787.jpg 1718w, https:\/\/fannyroz.com\/wp-content\/uploads\/2023\/11\/DM36492-scaled-e1705400105787-300x297.jpg 300w, https:\/\/fannyroz.com\/wp-content\/uploads\/2023\/11\/DM36492-scaled-e1705400105787-1024x1015.jpg 1024w, https:\/\/fannyroz.com\/wp-content\/uploads\/2023\/11\/DM36492-scaled-e1705400105787-150x150.jpg 150w, https:\/\/fannyroz.com\/wp-content\/uploads\/2023\/11\/DM36492-scaled-e1705400105787-768x761.jpg 768w, https:\/\/fannyroz.com\/wp-content\/uploads\/2023\/11\/DM36492-scaled-e1705400105787-1536x1523.jpg 1536w\" sizes=\"(max-width: 1718px) 100vw, 1718px\" \/><\/a><\/figure><div class=\"elementor-image-box-content\"><h3 class=\"elementor-image-box-title\"><a href=\"https:\/\/www.mixcloud.com\/radiocoteaux\/fanny-roz-harpeuse-25-octobre-2023\/\" target=\"_blank\">RADIO COTEAUX<\/a><\/h3><p class=\"elementor-image-box-description\">Fanny Roz, le processus cr\u00e9atif de Harpeuse <\/p><\/div><\/div>\t\t<\/div>\n\t\t\t\t<\/div>\n\t\t\t\t<\/div>\n\t\t<div class=\"elementor-element elementor-element-28183b2 e-con-full e-flex e-con e-child\" data-id=\"28183b2\" data-element_type=\"container\" data-settings=\"{&quot;content_width&quot;:&quot;full&quot;}\">\n\t\t\t\t<div class=\"elementor-element elementor-element-9ebdc08 elementor-widget__width-initial elementor-position-top elementor-widget elementor-widget-image-box\" data-id=\"9ebdc08\" data-element_type=\"widget\" data-widget_type=\"image-box.default\">\n\t\t\t\t<div class=\"elementor-widget-container\">\n\t\t\t<div class=\"elementor-image-box-wrapper\"><figure class=\"elementor-image-box-img\"><a href=\"https:\/\/soundcloud.com\/user1042406\/la-mauvaise-reputation-fanny-roz\" target=\"_blank\" tabindex=\"-1\"><img decoding=\"async\" width=\"1705\" height=\"1722\" src=\"https:\/\/fannyroz.com\/wp-content\/uploads\/2023\/11\/DM36546-scaled-e1707745638964.jpg\" class=\"elementor-animation-shrink attachment-full size-full wp-image-145\" alt=\"\" srcset=\"https:\/\/fannyroz.com\/wp-content\/uploads\/2023\/11\/DM36546-scaled-e1707745638964.jpg 1705w, https:\/\/fannyroz.com\/wp-content\/uploads\/2023\/11\/DM36546-scaled-e1707745638964-297x300.jpg 297w, https:\/\/fannyroz.com\/wp-content\/uploads\/2023\/11\/DM36546-scaled-e1707745638964-1014x1024.jpg 1014w, https:\/\/fannyroz.com\/wp-content\/uploads\/2023\/11\/DM36546-scaled-e1707745638964-150x150.jpg 150w, https:\/\/fannyroz.com\/wp-content\/uploads\/2023\/11\/DM36546-scaled-e1707745638964-768x776.jpg 768w, https:\/\/fannyroz.com\/wp-content\/uploads\/2023\/11\/DM36546-scaled-e1707745638964-1521x1536.jpg 1521w\" sizes=\"(max-width: 1705px) 100vw, 1705px\" \/><\/a><\/figure><div class=\"elementor-image-box-content\"><h3 class=\"elementor-image-box-title\"><a href=\"https:\/\/soundcloud.com\/user1042406\/la-mauvaise-reputation-fanny-roz\" target=\"_blank\">LA MAUVAISE R\u00c9PUTATION <\/a><\/h3><p class=\"elementor-image-box-description\">Fanny Roz, l'album de la semaine<\/p><\/div><\/div>\t\t<\/div>\n\t\t\t\t<\/div>\n\t\t\t\t<\/div>\n\t\t\t\t\t<\/div>\n\t\t\t\t<\/div>\n\t\t<div class=\"elementor-element elementor-element-ec8e900 e-flex e-con-boxed e-con e-parent\" data-id=\"ec8e900\" data-element_type=\"container\" data-settings=\"{&quot;content_width&quot;:&quot;boxed&quot;}\" data-core-v316-plus=\"true\">\n\t\t\t\t\t<div class=\"e-con-inner\">\n\t\t<div class=\"elementor-element elementor-element-749dcb2 e-con-full e-flex e-con e-child\" data-id=\"749dcb2\" data-element_type=\"container\" data-settings=\"{&quot;content_width&quot;:&quot;full&quot;}\">\n\t\t\t\t<div class=\"elementor-element elementor-element-84eb228 elementor-position-top elementor-widget elementor-widget-image-box\" data-id=\"84eb228\" data-element_type=\"widget\" data-widget_type=\"image-box.default\">\n\t\t\t\t<div class=\"elementor-widget-container\">\n\t\t\t<div class=\"elementor-image-box-wrapper\"><figure class=\"elementor-image-box-img\"><a href=\"https:\/\/www.ladepeche.fr\/2021\/11\/14\/fanny-roz-une-musicienne-atypique-9926669.php\" target=\"_blank\" tabindex=\"-1\"><img loading=\"lazy\" decoding=\"async\" width=\"1438\" height=\"1286\" src=\"https:\/\/fannyroz.com\/wp-content\/uploads\/2024\/01\/image-1.jpeg\" class=\"elementor-animation-shrink attachment-full size-full wp-image-1798\" alt=\"\" srcset=\"https:\/\/fannyroz.com\/wp-content\/uploads\/2024\/01\/image-1.jpeg 1438w, https:\/\/fannyroz.com\/wp-content\/uploads\/2024\/01\/image-1-300x268.jpeg 300w, https:\/\/fannyroz.com\/wp-content\/uploads\/2024\/01\/image-1-1024x916.jpeg 1024w, https:\/\/fannyroz.com\/wp-content\/uploads\/2024\/01\/image-1-768x687.jpeg 768w\" sizes=\"(max-width: 1438px) 100vw, 1438px\" \/><\/a><\/figure><div class=\"elementor-image-box-content\"><h3 class=\"elementor-image-box-title\"><a href=\"https:\/\/www.ladepeche.fr\/2021\/11\/14\/fanny-roz-une-musicienne-atypique-9926669.php\" target=\"_blank\">LA DEPECHE<\/a><\/h3><p class=\"elementor-image-box-description\">Cazeneuve-Montaut. Fanny Roz, une musicienne atypique<\/p><\/div><\/div>\t\t<\/div>\n\t\t\t\t<\/div>\n\t\t\t\t<\/div>\n\t\t<div class=\"elementor-element elementor-element-7d43db5 e-con-full e-flex e-con e-child\" data-id=\"7d43db5\" data-element_type=\"container\" data-settings=\"{&quot;content_width&quot;:&quot;full&quot;}\">\n\t\t\t\t<div class=\"elementor-element elementor-element-ab03d6e elementor-position-top elementor-widget elementor-widget-image-box\" data-id=\"ab03d6e\" data-element_type=\"widget\" data-widget_type=\"image-box.default\">\n\t\t\t\t<div class=\"elementor-widget-container\">\n\t\t\t<div class=\"elementor-image-box-wrapper\"><figure class=\"elementor-image-box-img\"><a href=\"https:\/\/www.ladepeche.fr\/2023\/08\/27\/fanny-roz-et-la-marquise-font-sensation-11416735.php\" target=\"_blank\" tabindex=\"-1\"><img loading=\"lazy\" decoding=\"async\" width=\"594\" height=\"540\" src=\"https:\/\/fannyroz.com\/wp-content\/uploads\/2024\/01\/WhatsApp-Image-2024-01-16-at-11.20.46-e1705400766885.jpeg\" class=\"elementor-animation-shrink attachment-full size-full wp-image-1806\" alt=\"\" srcset=\"https:\/\/fannyroz.com\/wp-content\/uploads\/2024\/01\/WhatsApp-Image-2024-01-16-at-11.20.46-e1705400766885.jpeg 594w, https:\/\/fannyroz.com\/wp-content\/uploads\/2024\/01\/WhatsApp-Image-2024-01-16-at-11.20.46-e1705400766885-300x273.jpeg 300w\" sizes=\"(max-width: 594px) 100vw, 594px\" \/><\/a><\/figure><div class=\"elementor-image-box-content\"><h3 class=\"elementor-image-box-title\"><a href=\"https:\/\/www.ladepeche.fr\/2023\/08\/27\/fanny-roz-et-la-marquise-font-sensation-11416735.php\" target=\"_blank\">LA DEPECHE<\/a><\/h3><p class=\"elementor-image-box-description\">Foix. Fanny Roz et la Marquise font sensation<\/p><\/div><\/div>\t\t<\/div>\n\t\t\t\t<\/div>\n\t\t\t\t<\/div>\n\t\t<div class=\"elementor-element elementor-element-95153b0 e-con-full e-flex e-con e-child\" data-id=\"95153b0\" data-element_type=\"container\" data-settings=\"{&quot;content_width&quot;:&quot;full&quot;}\">\n\t\t\t\t<div class=\"elementor-element elementor-element-c8a4c2e elementor-position-top elementor-widget elementor-widget-image-box\" data-id=\"c8a4c2e\" data-element_type=\"widget\" data-widget_type=\"image-box.default\">\n\t\t\t\t<div class=\"elementor-widget-container\">\n\t\t\t<div class=\"elementor-image-box-wrapper\"><figure class=\"elementor-image-box-img\"><a href=\"https:\/\/www.ladepeche.fr\/2021\/08\/12\/une-chanteuse-harpiste-enchante-les-spectateurs-9727776.php#\" target=\"_blank\" tabindex=\"-1\"><img loading=\"lazy\" decoding=\"async\" width=\"1668\" height=\"1440\" src=\"https:\/\/fannyroz.com\/wp-content\/uploads\/2024\/01\/image-1-1-scaled-e1705400797780.jpeg\" class=\"elementor-animation-shrink attachment-full size-full wp-image-1807\" alt=\"\" srcset=\"https:\/\/fannyroz.com\/wp-content\/uploads\/2024\/01\/image-1-1-scaled-e1705400797780.jpeg 1668w, https:\/\/fannyroz.com\/wp-content\/uploads\/2024\/01\/image-1-1-scaled-e1705400797780-300x259.jpeg 300w, https:\/\/fannyroz.com\/wp-content\/uploads\/2024\/01\/image-1-1-scaled-e1705400797780-1024x884.jpeg 1024w, https:\/\/fannyroz.com\/wp-content\/uploads\/2024\/01\/image-1-1-scaled-e1705400797780-768x663.jpeg 768w, https:\/\/fannyroz.com\/wp-content\/uploads\/2024\/01\/image-1-1-scaled-e1705400797780-1536x1326.jpeg 1536w\" sizes=\"(max-width: 1668px) 100vw, 1668px\" \/><\/a><\/figure><div class=\"elementor-image-box-content\"><h3 class=\"elementor-image-box-title\"><a href=\"https:\/\/www.ladepeche.fr\/2021\/08\/12\/une-chanteuse-harpiste-enchante-les-spectateurs-9727776.php#\" target=\"_blank\">LA DEPECHE<\/a><\/h3><p class=\"elementor-image-box-description\">Aurignac : une chanteuse harpiste enchante les spectateurs<\/p><\/div><\/div>\t\t<\/div>\n\t\t\t\t<\/div>\n\t\t\t\t<\/div>\n\t\t\t\t\t<\/div>\n\t\t\t\t<\/div>\n\t\t<div class=\"elementor-element elementor-element-73d80ec e-flex e-con-boxed e-con e-parent\" data-id=\"73d80ec\" data-element_type=\"container\" data-settings=\"{&quot;content_width&quot;:&quot;boxed&quot;}\" data-core-v316-plus=\"true\">\n\t\t\t\t\t<div class=\"e-con-inner\">\n\t\t\t\t<div class=\"elementor-element elementor-element-c810da3 elementor-widget elementor-widget-spacer\" data-id=\"c810da3\" data-element_type=\"widget\" data-widget_type=\"spacer.default\">\n\t\t\t\t<div class=\"elementor-widget-container\">\n\t\t\t<style>\/*! elementor - v3.17.0 - 08-11-2023 *\/\n.elementor-column .elementor-spacer-inner{height:var(--spacer-size)}.e-con{--container-widget-width:100%}.e-con-inner>.elementor-widget-spacer,.e-con>.elementor-widget-spacer{width:var(--container-widget-width,var(--spacer-size));--align-self:var(--container-widget-align-self,initial);--flex-shrink:0}.e-con-inner>.elementor-widget-spacer>.elementor-widget-container,.e-con>.elementor-widget-spacer>.elementor-widget-container{height:100%;width:100%}.e-con-inner>.elementor-widget-spacer>.elementor-widget-container>.elementor-spacer,.e-con>.elementor-widget-spacer>.elementor-widget-container>.elementor-spacer{height:100%}.e-con-inner>.elementor-widget-spacer>.elementor-widget-container>.elementor-spacer>.elementor-spacer-inner,.e-con>.elementor-widget-spacer>.elementor-widget-container>.elementor-spacer>.elementor-spacer-inner{height:var(--container-widget-height,var(--spacer-size))}.e-con-inner>.elementor-widget-spacer.elementor-widget-empty,.e-con>.elementor-widget-spacer.elementor-widget-empty{position:relative;min-height:22px;min-width:22px}.e-con-inner>.elementor-widget-spacer.elementor-widget-empty .elementor-widget-empty-icon,.e-con>.elementor-widget-spacer.elementor-widget-empty .elementor-widget-empty-icon{position:absolute;top:0;bottom:0;left:0;right:0;margin:auto;padding:0;width:22px;height:22px}<\/style>\t\t<div class=\"elementor-spacer\">\n\t\t\t<div class=\"elementor-spacer-inner\"><\/div>\n\t\t<\/div>\n\t\t\t\t<\/div>\n\t\t\t\t<\/div>\n\t\t\t\t\t<\/div>\n\t\t\t\t<\/div>\n\t\t\t\t\t\t\t<\/div>\n\t\t","protected":false},"excerpt":{"rendered":"<p>&#8211; PRESSE &#8211; OPUS MUSIQUES Fanny Roz, harpeuse rock et engag\u00e9e RADIO COTEAUX Fanny Roz, le processus cr\u00e9atif de Harpeuse LA MAUVAISE R\u00c9PUTATION Fanny Roz, l&rsquo;album de la semaine LA DEPECHE Cazeneuve-Montaut. Fanny Roz, une musicienne atypique LA DEPECHE Foix. Fanny Roz et la Marquise font sensation LA DEPECHE Aurignac : une chanteuse harpiste enchante&#8230;<\/p>\n","protected":false},"author":1,"featured_media":0,"parent":0,"menu_order":0,"comment_status":"closed","ping_status":"closed","template":"","meta":{"_kad_post_transparent":"","_kad_post_title":"hide","_kad_post_layout":"fullwidth","_kad_post_sidebar_id":"","_kad_post_content_style":"unboxed","_kad_post_vertical_padding":"hide","_kad_post_feature":"hide","_kad_post_feature_position":"","_kad_post_header":false,"_kad_post_footer":false,"footnotes":""},"_links":{"self":[{"href":"https:\/\/fannyroz.com\/index.php\/wp-json\/wp\/v2\/pages\/108"}],"collection":[{"href":"https:\/\/fannyroz.com\/index.php\/wp-json\/wp\/v2\/pages"}],"about":[{"href":"https:\/\/fannyroz.com\/index.php\/wp-json\/wp\/v2\/types\/page"}],"author":[{"embeddable":true,"href":"https:\/\/fannyroz.com\/index.php\/wp-json\/wp\/v2\/users\/1"}],"replies":[{"embeddable":true,"href":"https:\/\/fannyroz.com\/index.php\/wp-json\/wp\/v2\/comments?post=108"}],"version-history":[{"count":193,"href":"https:\/\/fannyroz.com\/index.php\/wp-json\/wp\/v2\/pages\/108\/revisions"}],"predecessor-version":[{"id":2625,"href":"https:\/\/fannyroz.com\/index.php\/wp-json\/wp\/v2\/pages\/108\/revisions\/2625"}],"wp:attachment":[{"href":"https:\/\/fannyroz.com\/index.php\/wp-json\/wp\/v2\/media?parent=108"}],"curies":[{"name":"wp","href":"https:\/\/api.w.org\/{rel}","templated":true}]}}