{"id":3105,"date":"2025-06-11T10:16:16","date_gmt":"2025-06-11T08:16:16","guid":{"rendered":"https:\/\/fannyroz.com\/?page_id=3105"},"modified":"2025-11-16T21:59:51","modified_gmt":"2025-11-16T20:59:51","slug":"nous-sommes-les-braises","status":"publish","type":"page","link":"https:\/\/fannyroz.com\/index.php\/nous-sommes-les-braises\/","title":{"rendered":"Nous sommes les braises"},"content":{"rendered":"\t\t<div data-elementor-type=\"wp-page\" data-elementor-id=\"3105\" class=\"elementor elementor-3105\">\n\t\t\t\t\t\t\t<div class=\"elementor-element elementor-element-7503773c e-flex e-con-boxed e-con e-parent\" data-id=\"7503773c\" data-element_type=\"container\" data-settings=\"{&quot;background_background&quot;:&quot;classic&quot;,&quot;shape_divider_bottom&quot;:&quot;arrow&quot;,&quot;content_width&quot;:&quot;boxed&quot;}\" data-core-v316-plus=\"true\">\n\t\t\t\t\t<div class=\"e-con-inner\">\n\t\t\t\t<div class=\"elementor-shape elementor-shape-bottom\" data-negative=\"false\">\n\t\t\t<svg xmlns=\"http:\/\/www.w3.org\/2000\/svg\" viewBox=\"0 0 700 10\" preserveAspectRatio=\"none\">\n\t<path class=\"elementor-shape-fill\" d=\"M350,10L340,0h20L350,10z\"\/>\n<\/svg>\t\t<\/div>\n\t\t\t\t<div class=\"elementor-element elementor-element-6a8d7e65 elementor-widget elementor-widget-image\" data-id=\"6a8d7e65\" data-element_type=\"widget\" data-widget_type=\"image.default\">\n\t\t\t\t<div class=\"elementor-widget-container\">\n\t\t\t<style>\/*! elementor - v3.17.0 - 08-11-2023 *\/\n.elementor-widget-image{text-align:center}.elementor-widget-image a{display:inline-block}.elementor-widget-image a img[src$=\".svg\"]{width:48px}.elementor-widget-image img{vertical-align:middle;display:inline-block}<\/style>\t\t\t\t\t\t\t\t\t\t\t\t<img fetchpriority=\"high\" decoding=\"async\" width=\"768\" height=\"570\" src=\"https:\/\/fannyroz.com\/wp-content\/uploads\/2025\/06\/IMG_5290-e1763140951294-768x570.png\" class=\"elementor-animation-sink attachment-medium_large size-medium_large wp-image-3145\" alt=\"\" srcset=\"https:\/\/fannyroz.com\/wp-content\/uploads\/2025\/06\/IMG_5290-e1763140951294-768x570.png 768w, https:\/\/fannyroz.com\/wp-content\/uploads\/2025\/06\/IMG_5290-e1763140951294-300x223.png 300w, https:\/\/fannyroz.com\/wp-content\/uploads\/2025\/06\/IMG_5290-e1763140951294-1024x760.png 1024w, https:\/\/fannyroz.com\/wp-content\/uploads\/2025\/06\/IMG_5290-e1763140951294-1536x1140.png 1536w, https:\/\/fannyroz.com\/wp-content\/uploads\/2025\/06\/IMG_5290-e1763140951294-2048x1520.png 2048w\" sizes=\"(max-width: 768px) 100vw, 768px\" \/>\t\t\t\t\t\t\t\t\t\t\t\t\t\t\t<\/div>\n\t\t\t\t<\/div>\n\t\t\t\t<div class=\"elementor-element elementor-element-31ee14c0 e-transform elementor-widget elementor-widget-heading\" data-id=\"31ee14c0\" data-element_type=\"widget\" data-settings=\"{&quot;_transform_translateY_effect&quot;:{&quot;unit&quot;:&quot;px&quot;,&quot;size&quot;:-25,&quot;sizes&quot;:[]},&quot;_transform_translateX_effect&quot;:{&quot;unit&quot;:&quot;px&quot;,&quot;size&quot;:&quot;&quot;,&quot;sizes&quot;:[]},&quot;_transform_translateX_effect_tablet&quot;:{&quot;unit&quot;:&quot;px&quot;,&quot;size&quot;:&quot;&quot;,&quot;sizes&quot;:[]},&quot;_transform_translateX_effect_mobile&quot;:{&quot;unit&quot;:&quot;px&quot;,&quot;size&quot;:&quot;&quot;,&quot;sizes&quot;:[]},&quot;_transform_translateY_effect_tablet&quot;:{&quot;unit&quot;:&quot;px&quot;,&quot;size&quot;:&quot;&quot;,&quot;sizes&quot;:[]},&quot;_transform_translateY_effect_mobile&quot;:{&quot;unit&quot;:&quot;px&quot;,&quot;size&quot;:&quot;&quot;,&quot;sizes&quot;:[]}}\" data-widget_type=\"heading.default\">\n\t\t\t\t<div class=\"elementor-widget-container\">\n\t\t\t<style>\/*! elementor - v3.17.0 - 08-11-2023 *\/\n.elementor-heading-title{padding:0;margin:0;line-height:1}.elementor-widget-heading .elementor-heading-title[class*=elementor-size-]>a{color:inherit;font-size:inherit;line-height:inherit}.elementor-widget-heading .elementor-heading-title.elementor-size-small{font-size:15px}.elementor-widget-heading .elementor-heading-title.elementor-size-medium{font-size:19px}.elementor-widget-heading .elementor-heading-title.elementor-size-large{font-size:29px}.elementor-widget-heading .elementor-heading-title.elementor-size-xl{font-size:39px}.elementor-widget-heading .elementor-heading-title.elementor-size-xxl{font-size:59px}<\/style><h1 class=\"elementor-heading-title elementor-size-default\">- NOUS SOMMES LES BRAISES - <\/h1>\t\t<\/div>\n\t\t\t\t<\/div>\n\t\t\t\t\t<\/div>\n\t\t\t\t<\/div>\n\t\t<div class=\"elementor-element elementor-element-1418ccf e-flex e-con-boxed e-con e-parent\" data-id=\"1418ccf\" data-element_type=\"container\" data-settings=\"{&quot;content_width&quot;:&quot;boxed&quot;}\" data-core-v316-plus=\"true\">\n\t\t\t\t\t<div class=\"e-con-inner\">\n\t\t<div class=\"elementor-element elementor-element-0a7e970 e-con-full e-flex e-con e-child\" data-id=\"0a7e970\" data-element_type=\"container\" data-settings=\"{&quot;content_width&quot;:&quot;full&quot;}\">\n\t\t\t\t<div class=\"elementor-element elementor-element-625190f elementor-widget elementor-widget-heading\" data-id=\"625190f\" data-element_type=\"widget\" data-widget_type=\"heading.default\">\n\t\t\t\t<div class=\"elementor-widget-container\">\n\t\t\t<h2 class=\"elementor-heading-title elementor-size-default\">\u00ab Les braises alors prennent corps et...r\u00e9-\u00e9tincellent le\nmonde \u00bb<\/h2>\t\t<\/div>\n\t\t\t\t<\/div>\n\t\t<div class=\"elementor-element elementor-element-e5dfe65 e-con-full e-flex e-con e-child\" data-id=\"e5dfe65\" data-element_type=\"container\" data-settings=\"{&quot;content_width&quot;:&quot;full&quot;}\">\n\t\t\t\t<div class=\"elementor-element elementor-element-b70c9cd elementor-widget elementor-widget-heading\" data-id=\"b70c9cd\" data-element_type=\"widget\" data-widget_type=\"heading.default\">\n\t\t\t\t<div class=\"elementor-widget-container\">\n\t\t\t<h2 class=\"elementor-heading-title elementor-size-default\"><a href=\"https:\/\/noussommeslesbraises.bandcamp.com\/album\/nous-sommes-les-braises\">\u00c9COUTER<\/a><\/h2>\t\t<\/div>\n\t\t\t\t<\/div>\n\t\t\t\t<\/div>\n\t\t\t\t<\/div>\n\t\t<div class=\"elementor-element elementor-element-77a71f8 e-con-full e-flex e-con e-child\" data-id=\"77a71f8\" data-element_type=\"container\" data-settings=\"{&quot;content_width&quot;:&quot;full&quot;}\">\n\t\t\t\t<div class=\"elementor-element elementor-element-5fa1832 elementor-widget elementor-widget-image\" data-id=\"5fa1832\" data-element_type=\"widget\" data-widget_type=\"image.default\">\n\t\t\t\t<div class=\"elementor-widget-container\">\n\t\t\t\t\t\t\t\t\t\t\t\t\t\t\t<img decoding=\"async\" width=\"782\" height=\"1024\" src=\"https:\/\/fannyroz.com\/wp-content\/uploads\/2025\/06\/Capture-decran-2025-06-11-a-10.20.04-782x1024.png\" class=\"attachment-large size-large wp-image-3112\" alt=\"\" srcset=\"https:\/\/fannyroz.com\/wp-content\/uploads\/2025\/06\/Capture-decran-2025-06-11-a-10.20.04-782x1024.png 782w, https:\/\/fannyroz.com\/wp-content\/uploads\/2025\/06\/Capture-decran-2025-06-11-a-10.20.04-229x300.png 229w, https:\/\/fannyroz.com\/wp-content\/uploads\/2025\/06\/Capture-decran-2025-06-11-a-10.20.04-768x1005.png 768w, https:\/\/fannyroz.com\/wp-content\/uploads\/2025\/06\/Capture-decran-2025-06-11-a-10.20.04.png 810w\" sizes=\"(max-width: 782px) 100vw, 782px\" \/>\t\t\t\t\t\t\t\t\t\t\t\t\t\t\t<\/div>\n\t\t\t\t<\/div>\n\t\t\t\t<div class=\"elementor-element elementor-element-75ccf82 elementor-widget elementor-widget-heading\" data-id=\"75ccf82\" data-element_type=\"widget\" data-widget_type=\"heading.default\">\n\t\t\t\t<div class=\"elementor-widget-container\">\n\t\t\t<h6 class=\"elementor-heading-title elementor-size-default\">Plumage 1 : Encre & v\u00e9g\u00e9tal par Christine Weber<\/h6>\t\t<\/div>\n\t\t\t\t<\/div>\n\t\t\t\t<\/div>\n\t\t\t\t\t<\/div>\n\t\t\t\t<\/div>\n\t\t<div class=\"elementor-element elementor-element-a4afc3c e-flex e-con-boxed e-con e-parent\" data-id=\"a4afc3c\" data-element_type=\"container\" data-settings=\"{&quot;background_background&quot;:&quot;classic&quot;,&quot;content_width&quot;:&quot;boxed&quot;}\" data-core-v316-plus=\"true\">\n\t\t\t\t\t<div class=\"e-con-inner\">\n\t\t\t\t<div class=\"elementor-element elementor-element-e972001 elementor-widget__width-initial elementor-widget elementor-widget-text-editor\" data-id=\"e972001\" data-element_type=\"widget\" data-widget_type=\"text-editor.default\">\n\t\t\t\t<div class=\"elementor-widget-container\">\n\t\t\t<style>\/*! elementor - v3.17.0 - 08-11-2023 *\/\n.elementor-widget-text-editor.elementor-drop-cap-view-stacked .elementor-drop-cap{background-color:#69727d;color:#fff}.elementor-widget-text-editor.elementor-drop-cap-view-framed .elementor-drop-cap{color:#69727d;border:3px solid;background-color:transparent}.elementor-widget-text-editor:not(.elementor-drop-cap-view-default) .elementor-drop-cap{margin-top:8px}.elementor-widget-text-editor:not(.elementor-drop-cap-view-default) .elementor-drop-cap-letter{width:1em;height:1em}.elementor-widget-text-editor .elementor-drop-cap{float:left;text-align:center;line-height:1;font-size:50px}.elementor-widget-text-editor .elementor-drop-cap-letter{display:inline-block}<\/style>\t\t\t\t<div class=\"page\" title=\"Page 1\"><div class=\"layoutArea\"><div class=\"column\"><p>\u00ab <strong>Nous Sommes les braises<\/strong> \u00bb est un duo poe\u0301tique et musical forme\u0301 par <strong>Syl<\/strong>, auteure de poe\u0300mes et textes poe\u0301tiques, et <strong>Fanny Roz<\/strong>, harpeuse, chanteuse et compositrice.<\/p><p>Ce projet est le fruit d\u2019une alchimie artistique et d\u2019un processus cre\u0301atif en duo, nourri de textes e\u0301crits et\/ou choisis, et d\u2019improvisations vocales et instrumentales de Fanny Roz.<\/p><p>Deux expressions qui se croisent, se portent, se re\u0301pondent, s\u2019inspirent&#8230;<\/p><p>Une partie des textes et poe\u0300mes dits, sont e\u0301crits par Syl et extraits du recueil \u00a0\u00bb Litanies de la liberte\u0301 Libellule\u00a0\u00bb . Quant aux auteurs des autres poe\u0300mes choisis, leurs noms seuls e\u0301voquent les sentiers poe\u0301tiques (Ch. Bobin, M. Roannet, A. Chedid, N.Naoum, Baudelaire, Pessoa,etc&#8230;.)<\/p><\/div><\/div><\/div>\t\t\t\t\t\t<\/div>\n\t\t\t\t<\/div>\n\t\t\t\t<div class=\"elementor-element elementor-element-264fde5 elementor-widget elementor-widget-text-editor\" data-id=\"264fde5\" data-element_type=\"widget\" data-widget_type=\"text-editor.default\">\n\t\t\t\t<div class=\"elementor-widget-container\">\n\t\t\t\t\t\t\t<div class=\"page\" title=\"Page 1\"><div class=\"layoutArea\"><div class=\"column\"><p>Dure\u0301e 45 min, Tout Public<\/p><\/div><\/div><\/div>\t\t\t\t\t\t<\/div>\n\t\t\t\t<\/div>\n\t\t\t\t\t<\/div>\n\t\t\t\t<\/div>\n\t\t\t\t\t\t\t<\/div>\n\t\t","protected":false},"excerpt":{"rendered":"<p>&#8211; NOUS SOMMES LES BRAISES &#8211; \u00ab Les braises alors prennent corps et&#8230;r\u00e9-\u00e9tincellent le monde \u00bb \u00c9COUTER Plumage 1 : Encre &#038; v\u00e9g\u00e9tal par Christine Weber \u00ab Nous Sommes les braises \u00bb est un duo poe\u0301tique et musical forme\u0301 par Syl, auteure de poe\u0300mes et textes poe\u0301tiques, et Fanny Roz, harpeuse, chanteuse et compositrice. Ce&#8230;<\/p>\n","protected":false},"author":1,"featured_media":0,"parent":0,"menu_order":0,"comment_status":"closed","ping_status":"closed","template":"","meta":{"_kad_post_transparent":"","_kad_post_title":"hide","_kad_post_layout":"fullwidth","_kad_post_sidebar_id":"","_kad_post_content_style":"unboxed","_kad_post_vertical_padding":"hide","_kad_post_feature":"hide","_kad_post_feature_position":"","_kad_post_header":false,"_kad_post_footer":false,"footnotes":""},"_links":{"self":[{"href":"https:\/\/fannyroz.com\/index.php\/wp-json\/wp\/v2\/pages\/3105"}],"collection":[{"href":"https:\/\/fannyroz.com\/index.php\/wp-json\/wp\/v2\/pages"}],"about":[{"href":"https:\/\/fannyroz.com\/index.php\/wp-json\/wp\/v2\/types\/page"}],"author":[{"embeddable":true,"href":"https:\/\/fannyroz.com\/index.php\/wp-json\/wp\/v2\/users\/1"}],"replies":[{"embeddable":true,"href":"https:\/\/fannyroz.com\/index.php\/wp-json\/wp\/v2\/comments?post=3105"}],"version-history":[{"count":37,"href":"https:\/\/fannyroz.com\/index.php\/wp-json\/wp\/v2\/pages\/3105\/revisions"}],"predecessor-version":[{"id":3513,"href":"https:\/\/fannyroz.com\/index.php\/wp-json\/wp\/v2\/pages\/3105\/revisions\/3513"}],"wp:attachment":[{"href":"https:\/\/fannyroz.com\/index.php\/wp-json\/wp\/v2\/media?parent=3105"}],"curies":[{"name":"wp","href":"https:\/\/api.w.org\/{rel}","templated":true}]}}