{"id":3178,"date":"2025-09-04T13:19:06","date_gmt":"2025-09-04T11:19:06","guid":{"rendered":"https:\/\/fannyroz.com\/?page_id=3178"},"modified":"2025-09-09T17:09:02","modified_gmt":"2025-09-09T15:09:02","slug":"chorale-polyfolie","status":"publish","type":"page","link":"https:\/\/fannyroz.com\/index.php\/chorale-polyfolie\/","title":{"rendered":"Chorale polyfolie"},"content":{"rendered":"\t\t<div data-elementor-type=\"wp-page\" data-elementor-id=\"3178\" class=\"elementor elementor-3178\">\n\t\t\t\t\t\t\t<div class=\"elementor-element elementor-element-eb0d646 e-flex e-con-boxed e-con e-parent\" data-id=\"eb0d646\" data-element_type=\"container\" data-settings=\"{&quot;background_background&quot;:&quot;classic&quot;,&quot;content_width&quot;:&quot;boxed&quot;}\" data-core-v316-plus=\"true\">\n\t\t\t\t\t<div class=\"e-con-inner\">\n\t\t<div class=\"elementor-element elementor-element-dd41bc1 e-con-full e-flex e-con e-child\" data-id=\"dd41bc1\" data-element_type=\"container\" data-settings=\"{&quot;content_width&quot;:&quot;full&quot;}\">\n\t\t\t\t<div class=\"elementor-element elementor-element-19a224e elementor-widget elementor-widget-heading\" data-id=\"19a224e\" data-element_type=\"widget\" data-widget_type=\"heading.default\">\n\t\t\t\t<div class=\"elementor-widget-container\">\n\t\t\t<style>\/*! elementor - v3.17.0 - 08-11-2023 *\/\n.elementor-heading-title{padding:0;margin:0;line-height:1}.elementor-widget-heading .elementor-heading-title[class*=elementor-size-]>a{color:inherit;font-size:inherit;line-height:inherit}.elementor-widget-heading .elementor-heading-title.elementor-size-small{font-size:15px}.elementor-widget-heading .elementor-heading-title.elementor-size-medium{font-size:19px}.elementor-widget-heading .elementor-heading-title.elementor-size-large{font-size:29px}.elementor-widget-heading .elementor-heading-title.elementor-size-xl{font-size:39px}.elementor-widget-heading .elementor-heading-title.elementor-size-xxl{font-size:59px}<\/style><h2 class=\"elementor-heading-title elementor-size-default\">CHORALE POLYFOLIE<\/h2>\t\t<\/div>\n\t\t\t\t<\/div>\n\t\t\t\t<div class=\"elementor-element elementor-element-a5bd354 elementor-widget__width-inherit elementor-arrows-position-inside elementor-pagination-position-outside elementor-widget elementor-widget-image-carousel\" data-id=\"a5bd354\" data-element_type=\"widget\" data-settings=\"{&quot;slides_to_show&quot;:&quot;1&quot;,&quot;navigation&quot;:&quot;both&quot;,&quot;autoplay&quot;:&quot;yes&quot;,&quot;pause_on_hover&quot;:&quot;yes&quot;,&quot;pause_on_interaction&quot;:&quot;yes&quot;,&quot;autoplay_speed&quot;:5000,&quot;infinite&quot;:&quot;yes&quot;,&quot;effect&quot;:&quot;slide&quot;,&quot;speed&quot;:500}\" data-widget_type=\"image-carousel.default\">\n\t\t\t\t<div class=\"elementor-widget-container\">\n\t\t\t<style>\/*! elementor - v3.17.0 - 08-11-2023 *\/\n.elementor-widget-image-carousel .swiper,.elementor-widget-image-carousel .swiper-container{position:static}.elementor-widget-image-carousel .swiper-container .swiper-slide figure,.elementor-widget-image-carousel .swiper .swiper-slide figure{line-height:inherit}.elementor-widget-image-carousel .swiper-slide{text-align:center}.elementor-image-carousel-wrapper:not(.swiper-container-initialized):not(.swiper-initialized) .swiper-slide{max-width:calc(100% \/ var(--e-image-carousel-slides-to-show, 3))}<\/style>\t\t<div class=\"elementor-image-carousel-wrapper swiper\" dir=\"ltr\">\n\t\t\t<div class=\"elementor-image-carousel swiper-wrapper\" aria-live=\"off\">\n\t\t\t\t\t\t\t\t<div class=\"swiper-slide\" role=\"group\" aria-roledescription=\"slide\" aria-label=\"1 sur 2\"><figure class=\"swiper-slide-inner\"><img decoding=\"async\" class=\"swiper-slide-image\" src=\"https:\/\/fannyroz.com\/wp-content\/uploads\/2025\/09\/WhatsApp-Image-2025-06-05-at-00.19.54.jpeg\" alt=\"WhatsApp Image 2025-06-05 at 00.19.54\" \/><\/figure><\/div><div class=\"swiper-slide\" role=\"group\" aria-roledescription=\"slide\" aria-label=\"2 sur 2\"><figure class=\"swiper-slide-inner\"><img decoding=\"async\" class=\"swiper-slide-image\" src=\"https:\/\/fannyroz.com\/wp-content\/uploads\/2025\/09\/WhatsApp-Image-2025-06-23-at-14.37.29-1.jpeg\" alt=\"WhatsApp Image 2025-06-23 at 14.37.29 (1)\" \/><\/figure><\/div>\t\t\t<\/div>\n\t\t\t\t\t\t\t\t\t\t\t\t<div class=\"elementor-swiper-button elementor-swiper-button-prev\" role=\"button\" tabindex=\"0\">\n\t\t\t\t\t\t<i aria-hidden=\"true\" class=\"eicon-chevron-left\"><\/i>\t\t\t\t\t<\/div>\n\t\t\t\t\t<div class=\"elementor-swiper-button elementor-swiper-button-next\" role=\"button\" tabindex=\"0\">\n\t\t\t\t\t\t<i aria-hidden=\"true\" class=\"eicon-chevron-right\"><\/i>\t\t\t\t\t<\/div>\n\t\t\t\t\n\t\t\t\t\t\t\t\t\t<div class=\"swiper-pagination\"><\/div>\n\t\t\t\t\t\t\t\t\t<\/div>\n\t\t\t\t<\/div>\n\t\t\t\t<\/div>\n\t\t\t\t<\/div>\n\t\t<div class=\"elementor-element elementor-element-9424c74 e-con-full e-flex e-con e-child\" data-id=\"9424c74\" data-element_type=\"container\" data-settings=\"{&quot;content_width&quot;:&quot;full&quot;}\">\n\t\t\t\t<div class=\"elementor-element elementor-element-ff3f87e elementor-widget elementor-widget-heading\" data-id=\"ff3f87e\" data-element_type=\"widget\" data-widget_type=\"heading.default\">\n\t\t\t\t<div class=\"elementor-widget-container\">\n\t\t\t<h2 class=\"elementor-heading-title elementor-size-default\">\u00c0 propos de la chorale<\/h2>\t\t<\/div>\n\t\t\t\t<\/div>\n\t\t\t\t<div class=\"elementor-element elementor-element-e8c636c elementor-widget elementor-widget-text-editor\" data-id=\"e8c636c\" data-element_type=\"widget\" data-widget_type=\"text-editor.default\">\n\t\t\t\t<div class=\"elementor-widget-container\">\n\t\t\t<style>\/*! elementor - v3.17.0 - 08-11-2023 *\/\n.elementor-widget-text-editor.elementor-drop-cap-view-stacked .elementor-drop-cap{background-color:#69727d;color:#fff}.elementor-widget-text-editor.elementor-drop-cap-view-framed .elementor-drop-cap{color:#69727d;border:3px solid;background-color:transparent}.elementor-widget-text-editor:not(.elementor-drop-cap-view-default) .elementor-drop-cap{margin-top:8px}.elementor-widget-text-editor:not(.elementor-drop-cap-view-default) .elementor-drop-cap-letter{width:1em;height:1em}.elementor-widget-text-editor .elementor-drop-cap{float:left;text-align:center;line-height:1;font-size:50px}.elementor-widget-text-editor .elementor-drop-cap-letter{display:inline-block}<\/style>\t\t\t\t<p class=\"Textbody\">Cet atelier a pour but de d\u00e9velopper une compr\u00e9hension du chant polyphonique et de l&rsquo;appliquer \u00e0 un r\u00e9pertoire vari\u00e9 : <span class=\"StrongEmphasis\">chansons fran\u00e7aises<\/span> et <span class=\"StrongEmphasis\">chants du monde<\/span>.<\/p><p class=\"Textbody\">Au fil des sessions, nous aborderons aussi des notions de <span class=\"StrongEmphasis\">technique vocale<\/span>, de <span class=\"StrongEmphasis\">rythme<\/span> et de <span class=\"StrongEmphasis\">travail corporel<\/span>.<\/p><p class=\"Textbody\">Il s\u2019agit d\u2019une chorale <span class=\"StrongEmphasis\">participative et cr\u00e9ative<\/span> :<br \/>Nous apprendrons de nouveaux morceaux, r\u00e9viserons les 7 chansons apprises l\u2019an dernier, et nous nous amuserons \u00e0 \u00e9crire nos propres paroles sur des m\u00e9lodies connues ou originales. Une chanson est d\u00e9j\u00e0 n\u00e9e l\u2019an pass\u00e9 de cette d\u00e9marche collective.<\/p>\t\t\t\t\t\t<\/div>\n\t\t\t\t<\/div>\n\t\t\t\t<\/div>\n\t\t\t\t\t<\/div>\n\t\t\t\t<\/div>\n\t\t<div class=\"elementor-element elementor-element-8535dba e-flex e-con-boxed e-con e-parent\" data-id=\"8535dba\" data-element_type=\"container\" data-settings=\"{&quot;content_width&quot;:&quot;boxed&quot;}\" data-core-v316-plus=\"true\">\n\t\t\t\t\t<div class=\"e-con-inner\">\n\t\t<div class=\"elementor-element elementor-element-aa522d8 e-con-full e-flex e-con e-child\" data-id=\"aa522d8\" data-element_type=\"container\" data-settings=\"{&quot;content_width&quot;:&quot;full&quot;}\">\n\t\t\t\t<div class=\"elementor-element elementor-element-d6747c0 elementor-widget elementor-widget-heading\" data-id=\"d6747c0\" data-element_type=\"widget\" data-widget_type=\"heading.default\">\n\t\t\t\t<div class=\"elementor-widget-container\">\n\t\t\t<h2 class=\"elementor-heading-title elementor-size-default\">Pour qui ?<\/h2>\t\t<\/div>\n\t\t\t\t<\/div>\n\t\t\t\t<div class=\"elementor-element elementor-element-46817b4 elementor-widget elementor-widget-text-editor\" data-id=\"46817b4\" data-element_type=\"widget\" data-widget_type=\"text-editor.default\">\n\t\t\t\t<div class=\"elementor-widget-container\">\n\t\t\t\t\t\t\t<p>La chorale est ouverte aux d\u00e9butant\u00b7e\u00b7s et \u00e0 toute personne souhaitant chanter en groupe dans un esprit joyeux et bienveillant.<\/p><p>Pas besoin d\u2019avoir une exp\u00e9rience pr\u00e9alable du chant, mais il est important de pouvoir reproduire une m\u00e9lodie (chanter juste).<br \/>En cas de doute, n\u2019h\u00e9site pas \u00e0 me contacter pour en discuter.<\/p><p>Si tu veux explorer ta voix sans te soucier de la justesse, je propose \u00e9galement des stages de chant improvis\u00e9, ouverts \u00e0 toutes et tous, sans pr\u00e9requis.<\/p>\t\t\t\t\t\t<\/div>\n\t\t\t\t<\/div>\n\t\t\t\t<\/div>\n\t\t<div class=\"elementor-element elementor-element-cf7c79c e-con-full e-flex e-con e-child\" data-id=\"cf7c79c\" data-element_type=\"container\" data-settings=\"{&quot;content_width&quot;:&quot;full&quot;}\">\n\t\t\t\t<div class=\"elementor-element elementor-element-b1e9b4c elementor-widget elementor-widget-video\" data-id=\"b1e9b4c\" data-element_type=\"widget\" data-settings=\"{&quot;video_type&quot;:&quot;hosted&quot;,&quot;controls&quot;:&quot;yes&quot;}\" data-widget_type=\"video.default\">\n\t\t\t\t<div class=\"elementor-widget-container\">\n\t\t\t<style>\/*! elementor - v3.17.0 - 08-11-2023 *\/\n.elementor-widget-video .elementor-widget-container{overflow:hidden;transform:translateZ(0)}.elementor-widget-video .elementor-wrapper{aspect-ratio:var(--video-aspect-ratio)}.elementor-widget-video .elementor-wrapper iframe,.elementor-widget-video .elementor-wrapper video{height:100%;width:100%;display:flex;border:none;background-color:#000}@supports not (aspect-ratio:1\/1){.elementor-widget-video .elementor-wrapper{position:relative;overflow:hidden;height:0;padding-bottom:calc(100% \/ var(--video-aspect-ratio))}.elementor-widget-video .elementor-wrapper iframe,.elementor-widget-video .elementor-wrapper video{position:absolute;top:0;right:0;bottom:0;left:0}}.elementor-widget-video .elementor-open-inline .elementor-custom-embed-image-overlay{position:absolute;top:0;right:0;bottom:0;left:0;background-size:cover;background-position:50%}.elementor-widget-video .elementor-custom-embed-image-overlay{cursor:pointer;text-align:center}.elementor-widget-video .elementor-custom-embed-image-overlay:hover .elementor-custom-embed-play i{opacity:1}.elementor-widget-video .elementor-custom-embed-image-overlay img{display:block;width:100%;aspect-ratio:var(--video-aspect-ratio);-o-object-fit:cover;object-fit:cover;-o-object-position:center center;object-position:center center}@supports not (aspect-ratio:1\/1){.elementor-widget-video .elementor-custom-embed-image-overlay{position:relative;overflow:hidden;height:0;padding-bottom:calc(100% \/ var(--video-aspect-ratio))}.elementor-widget-video .elementor-custom-embed-image-overlay img{position:absolute;top:0;right:0;bottom:0;left:0}}.elementor-widget-video .e-hosted-video .elementor-video{-o-object-fit:cover;object-fit:cover}.e-con-inner>.elementor-widget-video,.e-con>.elementor-widget-video{width:var(--container-widget-width);--flex-grow:var(--container-widget-flex-grow)}<\/style>\t\t<div class=\"e-hosted-video elementor-wrapper elementor-open-inline\">\n\t\t\t\t\t<video class=\"elementor-video\" src=\"https:\/\/fannyroz.com\/wp-content\/uploads\/2025\/09\/chorale-fanny-rentree2.mp4\" controls=\"\" preload=\"metadata\" controlsList=\"nodownload\"><\/video>\n\t\t\t\t<\/div>\n\t\t\t\t<\/div>\n\t\t\t\t<\/div>\n\t\t\t\t<\/div>\n\t\t\t\t\t<\/div>\n\t\t\t\t<\/div>\n\t\t<div class=\"elementor-element elementor-element-2c42399 e-con-full e-flex e-con e-parent\" data-id=\"2c42399\" data-element_type=\"container\" data-settings=\"{&quot;content_width&quot;:&quot;full&quot;,&quot;background_background&quot;:&quot;classic&quot;}\" data-core-v316-plus=\"true\">\n\t\t<div class=\"elementor-element elementor-element-131fad1 e-con-full e-flex e-con e-child\" data-id=\"131fad1\" data-element_type=\"container\" data-settings=\"{&quot;content_width&quot;:&quot;full&quot;,&quot;background_background&quot;:&quot;classic&quot;}\">\n\t\t\t\t<div class=\"elementor-element elementor-element-9c6d60f elementor-widget elementor-widget-heading\" data-id=\"9c6d60f\" data-element_type=\"widget\" data-widget_type=\"heading.default\">\n\t\t\t\t<div class=\"elementor-widget-container\">\n\t\t\t<h2 class=\"elementor-heading-title elementor-size-default\">Objectif de l'ann\u00e9e<\/h2>\t\t<\/div>\n\t\t\t\t<\/div>\n\t\t\t\t<div class=\"elementor-element elementor-element-f96ce20 elementor-widget elementor-widget-text-editor\" data-id=\"f96ce20\" data-element_type=\"widget\" data-widget_type=\"text-editor.default\">\n\t\t\t\t<div class=\"elementor-widget-container\">\n\t\t\t\t\t\t\t<p>Constituer un petit r\u00e9pertoire pour se produire en concert dans des tiers-lieux ou lors d\u2019\u00e9v\u00e9nements locaux.<\/p><ul><li>Concert pr\u00e9vu \u00e0 la Cafeti\u00e8re en d\u00e9cembre<\/li><li>Participation \u00e0 la F\u00eate de la Musique \u00e0 Aurignac le 21 juin<\/li><\/ul>\t\t\t\t\t\t<\/div>\n\t\t\t\t<\/div>\n\t\t\t\t<\/div>\n\t\t<div class=\"elementor-element elementor-element-0b7d8b0 e-con-full e-flex e-con e-child\" data-id=\"0b7d8b0\" data-element_type=\"container\" data-settings=\"{&quot;content_width&quot;:&quot;full&quot;}\">\n\t\t\t\t<div class=\"elementor-element elementor-element-943d70e elementor-widget elementor-widget-heading\" data-id=\"943d70e\" data-element_type=\"widget\" data-widget_type=\"heading.default\">\n\t\t\t\t<div class=\"elementor-widget-container\">\n\t\t\t<h2 class=\"elementor-heading-title elementor-size-default\">D\u00e9roul\u00e9 des sessions<\/h2>\t\t<\/div>\n\t\t\t\t<\/div>\n\t\t\t\t<div class=\"elementor-element elementor-element-e59dc2a elementor-widget elementor-widget-text-editor\" data-id=\"e59dc2a\" data-element_type=\"widget\" data-widget_type=\"text-editor.default\">\n\t\t\t\t<div class=\"elementor-widget-container\">\n\t\t\t\t\t\t\t<ul><li>19h \u2013 19h15 : Mise en corps (\u00e9tirements, m\u00e9ditation)<\/li><li>19h15 \u2013 19h30 : \u00c9chauffement vocal et rythmique, travail de polyphonie<\/li><li>19h30 \u2013 20h30 : Apprentissage d\u2019une chanson (2 \u00e0 4 voix)<\/li><li>20h30 \u2013 21h15 : R\u00e9vision du r\u00e9pertoire de l\u2019ann\u00e9e pr\u00e9c\u00e9dente<\/li><\/ul>\t\t\t\t\t\t<\/div>\n\t\t\t\t<\/div>\n\t\t\t\t<\/div>\n\t\t<div class=\"elementor-element elementor-element-57bd82e e-con-full e-flex e-con e-child\" data-id=\"57bd82e\" data-element_type=\"container\" data-settings=\"{&quot;content_width&quot;:&quot;full&quot;}\">\n\t\t\t\t<div class=\"elementor-element elementor-element-c7e76d3 elementor-widget elementor-widget-heading\" data-id=\"c7e76d3\" data-element_type=\"widget\" data-widget_type=\"heading.default\">\n\t\t\t\t<div class=\"elementor-widget-container\">\n\t\t\t<h2 class=\"elementor-heading-title elementor-size-default\">Participation financi\u00e8re<\/h2>\t\t<\/div>\n\t\t\t\t<\/div>\n\t\t\t\t<div class=\"elementor-element elementor-element-ee03220 elementor-widget__width-initial elementor-widget elementor-widget-text-editor\" data-id=\"ee03220\" data-element_type=\"widget\" data-widget_type=\"text-editor.default\">\n\t\t\t\t<div class=\"elementor-widget-container\">\n\t\t\t\t\t\t\t<ul><li>306 \u20ac pour l\u2019ann\u00e9e (18 cours + 2 r\u00e9p\u00e9titions + 2 concerts)<br \/>\u2192 soit 17 \u20ac par session<\/li><li style=\"list-style-type: none;\"><ul><li>Adh\u00e9sion \u00e0 la Cafeti\u00e8re<\/li><li>Adh\u00e9sion \u00e0 l\u2019association Creuse ton sillon<\/li><\/ul><\/li><\/ul><p>Paiement en une fois avant le 30 septembre de pr\u00e9f\u00e9rence<br \/>Paiement \u00e9chelonn\u00e9 possible (par trimestre)<\/p>\t\t\t\t\t\t<\/div>\n\t\t\t\t<\/div>\n\t\t\t\t<\/div>\n\t\t\t\t<\/div>\n\t\t<div class=\"elementor-element elementor-element-306dfba e-flex e-con-boxed e-con e-parent\" data-id=\"306dfba\" data-element_type=\"container\" data-settings=\"{&quot;content_width&quot;:&quot;boxed&quot;}\" data-core-v316-plus=\"true\">\n\t\t\t\t\t<div class=\"e-con-inner\">\n\t\t<div class=\"elementor-element elementor-element-d7fe07e e-con-full e-flex e-con e-child\" data-id=\"d7fe07e\" data-element_type=\"container\" data-settings=\"{&quot;content_width&quot;:&quot;full&quot;,&quot;background_background&quot;:&quot;classic&quot;}\">\n\t\t\t\t<div class=\"elementor-element elementor-element-64a1d19 elementor-widget elementor-widget-heading\" data-id=\"64a1d19\" data-element_type=\"widget\" data-widget_type=\"heading.default\">\n\t\t\t\t<div class=\"elementor-widget-container\">\n\t\t\t<h2 class=\"elementor-heading-title elementor-size-default\">P\u00e9riode et dates<\/h2>\t\t<\/div>\n\t\t\t\t<\/div>\n\t\t\t\t<div class=\"elementor-element elementor-element-71ca914 elementor-widget elementor-widget-text-editor\" data-id=\"71ca914\" data-element_type=\"widget\" data-widget_type=\"text-editor.default\">\n\t\t\t\t<div class=\"elementor-widget-container\">\n\t\t\t\t\t\t\t<p class=\"Textbody\"><span class=\"StrongEmphasis\">Du 30 septembre 2025 au 16 juin 2026<\/span> (9 mois)<br \/><span class=\"StrongEmphasis\">2 mardis par mois \u2013 18 sessions au total<\/span><\/p>\t\t\t\t\t\t<\/div>\n\t\t\t\t<\/div>\n\t\t\t\t<div class=\"elementor-element elementor-element-b063de3 elementor-widget elementor-widget-text-editor\" data-id=\"b063de3\" data-element_type=\"widget\" data-widget_type=\"text-editor.default\">\n\t\t\t\t<div class=\"elementor-widget-container\">\n\t\t\t\t\t\t\t<p><strong><span style=\"text-decoration: underline;\"><span class=\"StrongEmphasis\">DATES :<\/span><\/span><\/strong><br \/>30 septembre<br \/>14 octobre<br \/>4 et 11 novembre<br \/>2 et 16 d\u00e9cembre<br \/>6 et 20 janvier<br \/>3 et 17 f\u00e9vrier<br \/>10 et 24 mars<br \/>7 et 14 avril<br \/>5 et 19 mai<br \/>2 et 16 juin<\/p>\t\t\t\t\t\t<\/div>\n\t\t\t\t<\/div>\n\t\t\t\t<\/div>\n\t\t<div class=\"elementor-element elementor-element-f0dc2c2 e-con-full e-flex e-con e-child\" data-id=\"f0dc2c2\" data-element_type=\"container\" data-settings=\"{&quot;content_width&quot;:&quot;full&quot;}\">\n\t\t\t\t<div class=\"elementor-element elementor-element-e66c7e1 elementor-widget elementor-widget-heading\" data-id=\"e66c7e1\" data-element_type=\"widget\" data-widget_type=\"heading.default\">\n\t\t\t\t<div class=\"elementor-widget-container\">\n\t\t\t<h2 class=\"elementor-heading-title elementor-size-default\">Infos pratiques<\/h2>\t\t<\/div>\n\t\t\t\t<\/div>\n\t\t\t\t<div class=\"elementor-element elementor-element-47f41df elementor-widget elementor-widget-text-editor\" data-id=\"47f41df\" data-element_type=\"widget\" data-widget_type=\"text-editor.default\">\n\t\t\t\t<div class=\"elementor-widget-container\">\n\t\t\t\t\t\t\t<ul><li>Lieu : La Cafeti\u00e8re, \u00e0 <span class=\"StrongEmphasis\">Aurignac<\/span><\/li><li>Groupe limit\u00e9 \u00e0 30 personnes<\/li><li>R\u00e9union d\u2019information le 23 septembre \u00e0 la fin du cours d\u2019essai<\/li><\/ul>\t\t\t\t\t\t<\/div>\n\t\t\t\t<\/div>\n\t\t\t\t<div class=\"elementor-element elementor-element-ba449be elementor-widget elementor-widget-text-editor\" data-id=\"ba449be\" data-element_type=\"widget\" data-widget_type=\"text-editor.default\">\n\t\t\t\t<div class=\"elementor-widget-container\">\n\t\t\t\t\t\t\t<p>Inscriptions \/ Infos : contact@fannyroz.com<\/p>\t\t\t\t\t\t<\/div>\n\t\t\t\t<\/div>\n\t\t\t\t<div class=\"elementor-element elementor-element-3af8db9 elementor-widget elementor-widget-google_maps\" data-id=\"3af8db9\" data-element_type=\"widget\" data-widget_type=\"google_maps.default\">\n\t\t\t\t<div class=\"elementor-widget-container\">\n\t\t\t<style>\/*! elementor - v3.17.0 - 08-11-2023 *\/\n.elementor-widget-google_maps .elementor-widget-container{overflow:hidden}.elementor-widget-google_maps .elementor-custom-embed{line-height:0}.elementor-widget-google_maps iframe{height:300px}<\/style>\t\t<div class=\"elementor-custom-embed\">\n\t\t\t<iframe loading=\"lazy\"\n\t\t\t\t\tsrc=\"https:\/\/maps.google.com\/maps?q=%2026%20Rue%20Saint-Michel%2C%2031420%20Aurignac&#038;t=m&#038;z=10&#038;output=embed&#038;iwloc=near\"\n\t\t\t\t\ttitle=\" 26 Rue Saint-Michel, 31420 Aurignac\"\n\t\t\t\t\taria-label=\" 26 Rue Saint-Michel, 31420 Aurignac\"\n\t\t\t><\/iframe>\n\t\t<\/div>\n\t\t\t\t<\/div>\n\t\t\t\t<\/div>\n\t\t\t\t<\/div>\n\t\t\t\t\t<\/div>\n\t\t\t\t<\/div>\n\t\t\t\t\t\t\t<\/div>\n\t\t","protected":false},"excerpt":{"rendered":"<p>CHORALE POLYFOLIE \u00c0 propos de la chorale Cet atelier a pour but de d\u00e9velopper une compr\u00e9hension du chant polyphonique et de l&rsquo;appliquer \u00e0 un r\u00e9pertoire vari\u00e9 : chansons fran\u00e7aises et chants du monde. Au fil des sessions, nous aborderons aussi des notions de technique vocale, de rythme et de travail corporel. Il s\u2019agit d\u2019une chorale&#8230;<\/p>\n","protected":false},"author":1,"featured_media":0,"parent":0,"menu_order":0,"comment_status":"closed","ping_status":"closed","template":"","meta":{"_kad_post_transparent":"","_kad_post_title":"hide","_kad_post_layout":"fullwidth","_kad_post_sidebar_id":"","_kad_post_content_style":"unboxed","_kad_post_vertical_padding":"hide","_kad_post_feature":"hide","_kad_post_feature_position":"","_kad_post_header":false,"_kad_post_footer":false,"footnotes":""},"_links":{"self":[{"href":"https:\/\/fannyroz.com\/index.php\/wp-json\/wp\/v2\/pages\/3178"}],"collection":[{"href":"https:\/\/fannyroz.com\/index.php\/wp-json\/wp\/v2\/pages"}],"about":[{"href":"https:\/\/fannyroz.com\/index.php\/wp-json\/wp\/v2\/types\/page"}],"author":[{"embeddable":true,"href":"https:\/\/fannyroz.com\/index.php\/wp-json\/wp\/v2\/users\/1"}],"replies":[{"embeddable":true,"href":"https:\/\/fannyroz.com\/index.php\/wp-json\/wp\/v2\/comments?post=3178"}],"version-history":[{"count":47,"href":"https:\/\/fannyroz.com\/index.php\/wp-json\/wp\/v2\/pages\/3178\/revisions"}],"predecessor-version":[{"id":3288,"href":"https:\/\/fannyroz.com\/index.php\/wp-json\/wp\/v2\/pages\/3178\/revisions\/3288"}],"wp:attachment":[{"href":"https:\/\/fannyroz.com\/index.php\/wp-json\/wp\/v2\/media?parent=3178"}],"curies":[{"name":"wp","href":"https:\/\/api.w.org\/{rel}","templated":true}]}}