{"id":3398,"date":"2025-11-14T17:04:24","date_gmt":"2025-11-14T16:04:24","guid":{"rendered":"https:\/\/fannyroz.com\/?page_id=3398"},"modified":"2025-11-14T18:20:22","modified_gmt":"2025-11-14T17:20:22","slug":"la-liane","status":"publish","type":"page","link":"https:\/\/fannyroz.com\/index.php\/la-liane\/","title":{"rendered":"La Liane"},"content":{"rendered":"\t\t<div data-elementor-type=\"wp-page\" data-elementor-id=\"3398\" class=\"elementor elementor-3398\">\n\t\t\t\t\t\t\t<div class=\"elementor-element elementor-element-23600413 e-flex e-con-boxed e-con e-parent\" data-id=\"23600413\" data-element_type=\"container\" data-settings=\"{&quot;background_background&quot;:&quot;classic&quot;,&quot;shape_divider_bottom&quot;:&quot;arrow&quot;,&quot;content_width&quot;:&quot;boxed&quot;}\" data-core-v316-plus=\"true\">\n\t\t\t\t\t<div class=\"e-con-inner\">\n\t\t\t\t<div class=\"elementor-shape elementor-shape-bottom\" data-negative=\"false\">\n\t\t\t<svg xmlns=\"http:\/\/www.w3.org\/2000\/svg\" viewBox=\"0 0 700 10\" preserveAspectRatio=\"none\">\n\t<path class=\"elementor-shape-fill\" d=\"M350,10L340,0h20L350,10z\"\/>\n<\/svg>\t\t<\/div>\n\t\t\t\t<div class=\"elementor-element elementor-element-35683256 elementor-widget elementor-widget-image\" data-id=\"35683256\" data-element_type=\"widget\" data-widget_type=\"image.default\">\n\t\t\t\t<div class=\"elementor-widget-container\">\n\t\t\t<style>\/*! elementor - v3.17.0 - 08-11-2023 *\/\n.elementor-widget-image{text-align:center}.elementor-widget-image a{display:inline-block}.elementor-widget-image a img[src$=\".svg\"]{width:48px}.elementor-widget-image img{vertical-align:middle;display:inline-block}<\/style>\t\t\t\t\t\t\t\t\t\t\t\t<img fetchpriority=\"high\" decoding=\"async\" width=\"1000\" height=\"495\" src=\"https:\/\/fannyroz.com\/wp-content\/uploads\/2025\/11\/la-liane-e1763136697166.jpg\" class=\"elementor-animation-sink attachment-full size-full wp-image-3400\" alt=\"\" srcset=\"https:\/\/fannyroz.com\/wp-content\/uploads\/2025\/11\/la-liane-e1763136697166.jpg 1000w, https:\/\/fannyroz.com\/wp-content\/uploads\/2025\/11\/la-liane-e1763136697166-300x149.jpg 300w, https:\/\/fannyroz.com\/wp-content\/uploads\/2025\/11\/la-liane-e1763136697166-768x380.jpg 768w\" sizes=\"(max-width: 1000px) 100vw, 1000px\" \/>\t\t\t\t\t\t\t\t\t\t\t\t\t\t\t<\/div>\n\t\t\t\t<\/div>\n\t\t\t\t<div class=\"elementor-element elementor-element-19245932 e-transform elementor-widget elementor-widget-heading\" data-id=\"19245932\" data-element_type=\"widget\" data-settings=\"{&quot;_transform_translateY_effect&quot;:{&quot;unit&quot;:&quot;px&quot;,&quot;size&quot;:-25,&quot;sizes&quot;:[]},&quot;_transform_translateX_effect&quot;:{&quot;unit&quot;:&quot;px&quot;,&quot;size&quot;:&quot;&quot;,&quot;sizes&quot;:[]},&quot;_transform_translateX_effect_tablet&quot;:{&quot;unit&quot;:&quot;px&quot;,&quot;size&quot;:&quot;&quot;,&quot;sizes&quot;:[]},&quot;_transform_translateX_effect_mobile&quot;:{&quot;unit&quot;:&quot;px&quot;,&quot;size&quot;:&quot;&quot;,&quot;sizes&quot;:[]},&quot;_transform_translateY_effect_tablet&quot;:{&quot;unit&quot;:&quot;px&quot;,&quot;size&quot;:&quot;&quot;,&quot;sizes&quot;:[]},&quot;_transform_translateY_effect_mobile&quot;:{&quot;unit&quot;:&quot;px&quot;,&quot;size&quot;:&quot;&quot;,&quot;sizes&quot;:[]}}\" data-widget_type=\"heading.default\">\n\t\t\t\t<div class=\"elementor-widget-container\">\n\t\t\t<style>\/*! elementor - v3.17.0 - 08-11-2023 *\/\n.elementor-heading-title{padding:0;margin:0;line-height:1}.elementor-widget-heading .elementor-heading-title[class*=elementor-size-]>a{color:inherit;font-size:inherit;line-height:inherit}.elementor-widget-heading .elementor-heading-title.elementor-size-small{font-size:15px}.elementor-widget-heading .elementor-heading-title.elementor-size-medium{font-size:19px}.elementor-widget-heading .elementor-heading-title.elementor-size-large{font-size:29px}.elementor-widget-heading .elementor-heading-title.elementor-size-xl{font-size:39px}.elementor-widget-heading .elementor-heading-title.elementor-size-xxl{font-size:59px}<\/style><h1 class=\"elementor-heading-title elementor-size-default\">- LA LIANE - <\/h1>\t\t<\/div>\n\t\t\t\t<\/div>\n\t\t\t\t\t<\/div>\n\t\t\t\t<\/div>\n\t\t<div class=\"elementor-element elementor-element-5b3b880 e-flex e-con-boxed e-con e-parent\" data-id=\"5b3b880\" data-element_type=\"container\" data-settings=\"{&quot;content_width&quot;:&quot;boxed&quot;}\" data-core-v316-plus=\"true\">\n\t\t\t\t\t<div class=\"e-con-inner\">\n\t\t\t\t<div class=\"elementor-element elementor-element-cda03fd elementor-widget elementor-widget-image\" data-id=\"cda03fd\" data-element_type=\"widget\" data-widget_type=\"image.default\">\n\t\t\t\t<div class=\"elementor-widget-container\">\n\t\t\t\t\t\t\t\t\t\t\t\t\t\t\t<img decoding=\"async\" width=\"500\" height=\"500\" src=\"https:\/\/fannyroz.com\/wp-content\/uploads\/2025\/11\/logo-la-liane.png\" class=\"attachment-large size-large wp-image-3402\" alt=\"\" srcset=\"https:\/\/fannyroz.com\/wp-content\/uploads\/2025\/11\/logo-la-liane.png 500w, https:\/\/fannyroz.com\/wp-content\/uploads\/2025\/11\/logo-la-liane-300x300.png 300w, https:\/\/fannyroz.com\/wp-content\/uploads\/2025\/11\/logo-la-liane-150x150.png 150w\" sizes=\"(max-width: 500px) 100vw, 500px\" \/>\t\t\t\t\t\t\t\t\t\t\t\t\t\t\t<\/div>\n\t\t\t\t<\/div>\n\t\t\t\t<div class=\"elementor-element elementor-element-a995b9a elementor-widget__width-initial elementor-widget elementor-widget-text-editor\" data-id=\"a995b9a\" data-element_type=\"widget\" data-widget_type=\"text-editor.default\">\n\t\t\t\t<div class=\"elementor-widget-container\">\n\t\t\t<style>\/*! elementor - v3.17.0 - 08-11-2023 *\/\n.elementor-widget-text-editor.elementor-drop-cap-view-stacked .elementor-drop-cap{background-color:#69727d;color:#fff}.elementor-widget-text-editor.elementor-drop-cap-view-framed .elementor-drop-cap{color:#69727d;border:3px solid;background-color:transparent}.elementor-widget-text-editor:not(.elementor-drop-cap-view-default) .elementor-drop-cap{margin-top:8px}.elementor-widget-text-editor:not(.elementor-drop-cap-view-default) .elementor-drop-cap-letter{width:1em;height:1em}.elementor-widget-text-editor .elementor-drop-cap{float:left;text-align:center;line-height:1;font-size:50px}.elementor-widget-text-editor .elementor-drop-cap-letter{display:inline-block}<\/style>\t\t\t\t<div class=\"oKdM2c ZZyype\"><div id=\"h.6fa9914778f82fab_634\" class=\"hJDwNd-AhqUyc-OiUrBf Ft7HRd-AhqUyc-OiUrBf jXK9ad D2fZ2 zu5uec\"><div class=\"jXK9ad-SmKAyb\"><div class=\"tyJCtd mGzaTb Depvyb baZpAe\"><p class=\"zfr3Q CDt4Ke \" dir=\"ltr\">La liane est un <strong>collectif<\/strong> cr\u00e9e par des artistes chanteuses, autrices, compositrices et porteuses de projets. Confront\u00e9es aux difficult\u00e9s que constituent le fait de d\u00e9velopper un projet artistique seule, elles d\u00e9cident en mars 2022 de se regrouper et de travailler ensemble pour faire avancer leurs carri\u00e8res artistiques.\u00a0<\/p><\/div><\/div><\/div><\/div>\t\t\t\t\t\t<\/div>\n\t\t\t\t<\/div>\n\t\t\t\t<div class=\"elementor-element elementor-element-b640f0c elementor-widget__width-initial elementor-widget elementor-widget-video\" data-id=\"b640f0c\" data-element_type=\"widget\" data-settings=\"{&quot;youtube_url&quot;:&quot;https:\\\/\\\/www.youtube.com\\\/watch?v=c9quFLE17bE&quot;,&quot;video_type&quot;:&quot;youtube&quot;,&quot;controls&quot;:&quot;yes&quot;}\" data-widget_type=\"video.default\">\n\t\t\t\t<div class=\"elementor-widget-container\">\n\t\t\t<style>\/*! elementor - v3.17.0 - 08-11-2023 *\/\n.elementor-widget-video .elementor-widget-container{overflow:hidden;transform:translateZ(0)}.elementor-widget-video .elementor-wrapper{aspect-ratio:var(--video-aspect-ratio)}.elementor-widget-video .elementor-wrapper iframe,.elementor-widget-video .elementor-wrapper video{height:100%;width:100%;display:flex;border:none;background-color:#000}@supports not (aspect-ratio:1\/1){.elementor-widget-video .elementor-wrapper{position:relative;overflow:hidden;height:0;padding-bottom:calc(100% \/ var(--video-aspect-ratio))}.elementor-widget-video .elementor-wrapper iframe,.elementor-widget-video .elementor-wrapper video{position:absolute;top:0;right:0;bottom:0;left:0}}.elementor-widget-video .elementor-open-inline .elementor-custom-embed-image-overlay{position:absolute;top:0;right:0;bottom:0;left:0;background-size:cover;background-position:50%}.elementor-widget-video .elementor-custom-embed-image-overlay{cursor:pointer;text-align:center}.elementor-widget-video .elementor-custom-embed-image-overlay:hover .elementor-custom-embed-play i{opacity:1}.elementor-widget-video .elementor-custom-embed-image-overlay img{display:block;width:100%;aspect-ratio:var(--video-aspect-ratio);-o-object-fit:cover;object-fit:cover;-o-object-position:center center;object-position:center center}@supports not (aspect-ratio:1\/1){.elementor-widget-video .elementor-custom-embed-image-overlay{position:relative;overflow:hidden;height:0;padding-bottom:calc(100% \/ var(--video-aspect-ratio))}.elementor-widget-video .elementor-custom-embed-image-overlay img{position:absolute;top:0;right:0;bottom:0;left:0}}.elementor-widget-video .e-hosted-video .elementor-video{-o-object-fit:cover;object-fit:cover}.e-con-inner>.elementor-widget-video,.e-con>.elementor-widget-video{width:var(--container-widget-width);--flex-grow:var(--container-widget-flex-grow)}<\/style>\t\t<div class=\"elementor-wrapper elementor-open-inline\">\n\t\t\t<div class=\"elementor-video\"><\/div>\t\t<\/div>\n\t\t\t\t<\/div>\n\t\t\t\t<\/div>\n\t\t\t\t\t<\/div>\n\t\t\t\t<\/div>\n\t\t<div class=\"elementor-element elementor-element-957abe9 e-flex e-con-boxed e-con e-parent\" data-id=\"957abe9\" data-element_type=\"container\" data-settings=\"{&quot;background_background&quot;:&quot;gradient&quot;,&quot;content_width&quot;:&quot;boxed&quot;}\" data-core-v316-plus=\"true\">\n\t\t\t\t\t<div class=\"e-con-inner\">\n\t\t<div class=\"elementor-element elementor-element-c27e61f e-con-full e-flex e-con e-child\" data-id=\"c27e61f\" data-element_type=\"container\" data-settings=\"{&quot;content_width&quot;:&quot;full&quot;}\">\n\t\t\t\t<div class=\"elementor-element elementor-element-aacccca elementor-widget elementor-widget-image\" data-id=\"aacccca\" data-element_type=\"widget\" data-widget_type=\"image.default\">\n\t\t\t\t<div class=\"elementor-widget-container\">\n\t\t\t\t\t\t\t\t\t\t\t\t\t\t\t<img decoding=\"async\" width=\"651\" height=\"666\" src=\"https:\/\/fannyroz.com\/wp-content\/uploads\/2025\/11\/unnamed.jpg\" class=\"attachment-large size-large wp-image-3401\" alt=\"\" srcset=\"https:\/\/fannyroz.com\/wp-content\/uploads\/2025\/11\/unnamed.jpg 651w, https:\/\/fannyroz.com\/wp-content\/uploads\/2025\/11\/unnamed-293x300.jpg 293w\" sizes=\"(max-width: 651px) 100vw, 651px\" \/>\t\t\t\t\t\t\t\t\t\t\t\t\t\t\t<\/div>\n\t\t\t\t<\/div>\n\t\t\t\t<\/div>\n\t\t<div class=\"elementor-element elementor-element-49f361b e-con-full e-flex e-con e-child\" data-id=\"49f361b\" data-element_type=\"container\" data-settings=\"{&quot;content_width&quot;:&quot;full&quot;}\">\n\t\t\t\t<div class=\"elementor-element elementor-element-4dc7c2d elementor-widget elementor-widget-heading\" data-id=\"4dc7c2d\" data-element_type=\"widget\" data-widget_type=\"heading.default\">\n\t\t\t\t<div class=\"elementor-widget-container\">\n\t\t\t<h2 class=\"elementor-heading-title elementor-size-default\">Collectif de chanteuses, autrices, compositrices et porteuses de projets<\/h2>\t\t<\/div>\n\t\t\t\t<\/div>\n\t\t\t\t<div class=\"elementor-element elementor-element-69c4e4d elementor-widget elementor-widget-text-editor\" data-id=\"69c4e4d\" data-element_type=\"widget\" data-widget_type=\"text-editor.default\">\n\t\t\t\t<div class=\"elementor-widget-container\">\n\t\t\t\t\t\t\t<div class=\"oKdM2c ZZyype\"><div id=\"h.6fa9914778f82fab_634\" class=\"hJDwNd-AhqUyc-OiUrBf Ft7HRd-AhqUyc-OiUrBf jXK9ad D2fZ2 zu5uec\"><div class=\"jXK9ad-SmKAyb\"><div class=\"tyJCtd mGzaTb Depvyb baZpAe\"><p class=\"zfr3Q CDt4Ke \" dir=\"ltr\"><span class=\"C9DxTc \">Tout commence par la cr\u00e9ation d\u2019un groupe de discussion, par la chanteuse Edda Bel Abyss au printemps 2021, visant \u00e0 permettre la rencontre entre les porteuses de projets toulousaines. Une centaine d\u2019artistes communiquent alors ensemble. Une trentaine d\u2019entre elles se retrouvent durant un apr\u00e8s-midi et se pr\u00eatent au jeu d\u2019un shooting photo qui immortalise un extrait de la sc\u00e8ne f\u00e9minine toulousaine.\u00a0<\/span><\/p><p class=\"zfr3Q CDt4Ke \" dir=\"ltr\"><span class=\"C9DxTc \">C\u2019est apr\u00e8s cette mise en contact que <strong>Djana Stray<\/strong><\/span><span class=\"C9DxTc \"> propose \u00e0 celles qui le souhaitent, de se r\u00e9unir et de faire des sessions de travail communes. Plusieurs chanteuses r\u00e9pondent \u00e0 l\u2019appel : <strong>Fanny Roz<\/strong><\/span><strong><span class=\"C9DxTc \">, Lise Martin,<\/span><span class=\"C9DxTc \"> Alice B\u00e9nar<\/span><span class=\"C9DxTc \">, Camille Lemarchand et Caroline Champy<\/span><\/strong><span class=\"C9DxTc \"><strong>.<\/strong> Elles se r\u00e9uniront toutes r\u00e9guli\u00e8rement : la Liane est n\u00e9e.<\/span><\/p><\/div><\/div><\/div><\/div><div class=\"oKdM2c ZZyype\"><div id=\"h.4c764b4816c3672a_105\" class=\"hJDwNd-AhqUyc-OiUrBf Ft7HRd-AhqUyc-OiUrBf jXK9ad D2fZ2 zu5uec wHaque g5GTcb\"><div class=\"jXK9ad-SmKAyb\"><div class=\"tyJCtd KUB40b baZpAe\">\u00a0<\/div><\/div><\/div><\/div>\t\t\t\t\t\t<\/div>\n\t\t\t\t<\/div>\n\t\t\t\t<div class=\"elementor-element elementor-element-cc84e28 elementor-align-center elementor-widget elementor-widget-button\" data-id=\"cc84e28\" data-element_type=\"widget\" data-widget_type=\"button.default\">\n\t\t\t\t<div class=\"elementor-widget-container\">\n\t\t\t\t\t<div class=\"elementor-button-wrapper\">\n\t\t\t<a class=\"elementor-button elementor-button-link elementor-size-sm\" href=\"https:\/\/www.collectiflaliane.com\/nous-rencontrer\">\n\t\t\t\t\t\t<span class=\"elementor-button-content-wrapper\">\n\t\t\t\t\t\t<span class=\"elementor-button-text\">Nous rencontrer<\/span>\n\t\t<\/span>\n\t\t\t\t\t<\/a>\n\t\t<\/div>\n\t\t\t\t<\/div>\n\t\t\t\t<\/div>\n\t\t\t\t<\/div>\n\t\t\t\t\t<\/div>\n\t\t\t\t<\/div>\n\t\t\t\t\t\t\t<\/div>\n\t\t","protected":false},"excerpt":{"rendered":"<p>&#8211; LA LIANE &#8211; La liane est un collectif cr\u00e9e par des artistes chanteuses, autrices, compositrices et porteuses de projets. Confront\u00e9es aux difficult\u00e9s que constituent le fait de d\u00e9velopper un projet artistique seule, elles d\u00e9cident en mars 2022 de se regrouper et de travailler ensemble pour faire avancer leurs carri\u00e8res artistiques.\u00a0 https:\/\/www.youtube.com\/watch?v=c9quFLE17bE Collectif de chanteuses,&#8230;<\/p>\n","protected":false},"author":1,"featured_media":0,"parent":0,"menu_order":0,"comment_status":"closed","ping_status":"closed","template":"","meta":{"_kad_post_transparent":"","_kad_post_title":"hide","_kad_post_layout":"fullwidth","_kad_post_sidebar_id":"","_kad_post_content_style":"unboxed","_kad_post_vertical_padding":"hide","_kad_post_feature":"hide","_kad_post_feature_position":"","_kad_post_header":false,"_kad_post_footer":false,"footnotes":""},"_links":{"self":[{"href":"https:\/\/fannyroz.com\/index.php\/wp-json\/wp\/v2\/pages\/3398"}],"collection":[{"href":"https:\/\/fannyroz.com\/index.php\/wp-json\/wp\/v2\/pages"}],"about":[{"href":"https:\/\/fannyroz.com\/index.php\/wp-json\/wp\/v2\/types\/page"}],"author":[{"embeddable":true,"href":"https:\/\/fannyroz.com\/index.php\/wp-json\/wp\/v2\/users\/1"}],"replies":[{"embeddable":true,"href":"https:\/\/fannyroz.com\/index.php\/wp-json\/wp\/v2\/comments?post=3398"}],"version-history":[{"count":41,"href":"https:\/\/fannyroz.com\/index.php\/wp-json\/wp\/v2\/pages\/3398\/revisions"}],"predecessor-version":[{"id":3489,"href":"https:\/\/fannyroz.com\/index.php\/wp-json\/wp\/v2\/pages\/3398\/revisions\/3489"}],"wp:attachment":[{"href":"https:\/\/fannyroz.com\/index.php\/wp-json\/wp\/v2\/media?parent=3398"}],"curies":[{"name":"wp","href":"https:\/\/api.w.org\/{rel}","templated":true}]}}