{"id":3438,"date":"2025-11-14T17:49:15","date_gmt":"2025-11-14T16:49:15","guid":{"rendered":"https:\/\/fannyroz.com\/?page_id=3438"},"modified":"2025-11-14T18:21:25","modified_gmt":"2025-11-14T17:21:25","slug":"le-silence-de-nuit","status":"publish","type":"page","link":"https:\/\/fannyroz.com\/index.php\/le-silence-de-nuit\/","title":{"rendered":"Le Silence de Nuit"},"content":{"rendered":"\t\t<div data-elementor-type=\"wp-page\" data-elementor-id=\"3438\" class=\"elementor elementor-3438\">\n\t\t\t\t\t\t\t<div class=\"elementor-element elementor-element-6517ce92 e-flex e-con-boxed e-con e-parent\" data-id=\"6517ce92\" data-element_type=\"container\" data-settings=\"{&quot;background_background&quot;:&quot;classic&quot;,&quot;shape_divider_bottom&quot;:&quot;arrow&quot;,&quot;content_width&quot;:&quot;boxed&quot;}\" data-core-v316-plus=\"true\">\n\t\t\t\t\t<div class=\"e-con-inner\">\n\t\t\t\t<div class=\"elementor-shape elementor-shape-bottom\" data-negative=\"false\">\n\t\t\t<svg xmlns=\"http:\/\/www.w3.org\/2000\/svg\" viewBox=\"0 0 700 10\" preserveAspectRatio=\"none\">\n\t<path class=\"elementor-shape-fill\" d=\"M350,10L340,0h20L350,10z\"\/>\n<\/svg>\t\t<\/div>\n\t\t\t\t<div class=\"elementor-element elementor-element-6195b8fd elementor-widget elementor-widget-image\" data-id=\"6195b8fd\" data-element_type=\"widget\" data-widget_type=\"image.default\">\n\t\t\t\t<div class=\"elementor-widget-container\">\n\t\t\t<style>\/*! elementor - v3.17.0 - 08-11-2023 *\/\n.elementor-widget-image{text-align:center}.elementor-widget-image a{display:inline-block}.elementor-widget-image a img[src$=\".svg\"]{width:48px}.elementor-widget-image img{vertical-align:middle;display:inline-block}<\/style>\t\t\t\t\t\t\t\t\t\t\t\t<img fetchpriority=\"high\" decoding=\"async\" width=\"1052\" height=\"518\" src=\"https:\/\/fannyroz.com\/wp-content\/uploads\/2025\/11\/Capture-decran-2025-11-14-a-17.49.19-e1763139137148.png\" class=\"elementor-animation-sink attachment-full size-full wp-image-3440\" alt=\"\" srcset=\"https:\/\/fannyroz.com\/wp-content\/uploads\/2025\/11\/Capture-decran-2025-11-14-a-17.49.19-e1763139137148.png 1052w, https:\/\/fannyroz.com\/wp-content\/uploads\/2025\/11\/Capture-decran-2025-11-14-a-17.49.19-e1763139137148-300x148.png 300w, https:\/\/fannyroz.com\/wp-content\/uploads\/2025\/11\/Capture-decran-2025-11-14-a-17.49.19-e1763139137148-1024x504.png 1024w, https:\/\/fannyroz.com\/wp-content\/uploads\/2025\/11\/Capture-decran-2025-11-14-a-17.49.19-e1763139137148-768x378.png 768w\" sizes=\"(max-width: 1052px) 100vw, 1052px\" \/>\t\t\t\t\t\t\t\t\t\t\t\t\t\t\t<\/div>\n\t\t\t\t<\/div>\n\t\t\t\t<div class=\"elementor-element elementor-element-5ab14844 e-transform elementor-widget elementor-widget-heading\" data-id=\"5ab14844\" data-element_type=\"widget\" data-settings=\"{&quot;_transform_translateY_effect&quot;:{&quot;unit&quot;:&quot;px&quot;,&quot;size&quot;:-25,&quot;sizes&quot;:[]},&quot;_transform_translateX_effect&quot;:{&quot;unit&quot;:&quot;px&quot;,&quot;size&quot;:&quot;&quot;,&quot;sizes&quot;:[]},&quot;_transform_translateX_effect_tablet&quot;:{&quot;unit&quot;:&quot;px&quot;,&quot;size&quot;:&quot;&quot;,&quot;sizes&quot;:[]},&quot;_transform_translateX_effect_mobile&quot;:{&quot;unit&quot;:&quot;px&quot;,&quot;size&quot;:&quot;&quot;,&quot;sizes&quot;:[]},&quot;_transform_translateY_effect_tablet&quot;:{&quot;unit&quot;:&quot;px&quot;,&quot;size&quot;:&quot;&quot;,&quot;sizes&quot;:[]},&quot;_transform_translateY_effect_mobile&quot;:{&quot;unit&quot;:&quot;px&quot;,&quot;size&quot;:&quot;&quot;,&quot;sizes&quot;:[]}}\" data-widget_type=\"heading.default\">\n\t\t\t\t<div class=\"elementor-widget-container\">\n\t\t\t<style>\/*! elementor - v3.17.0 - 08-11-2023 *\/\n.elementor-heading-title{padding:0;margin:0;line-height:1}.elementor-widget-heading .elementor-heading-title[class*=elementor-size-]>a{color:inherit;font-size:inherit;line-height:inherit}.elementor-widget-heading .elementor-heading-title.elementor-size-small{font-size:15px}.elementor-widget-heading .elementor-heading-title.elementor-size-medium{font-size:19px}.elementor-widget-heading .elementor-heading-title.elementor-size-large{font-size:29px}.elementor-widget-heading .elementor-heading-title.elementor-size-xl{font-size:39px}.elementor-widget-heading .elementor-heading-title.elementor-size-xxl{font-size:59px}<\/style><h1 class=\"elementor-heading-title elementor-size-default\">- LE SILENCE DE NUIT - <\/h1>\t\t<\/div>\n\t\t\t\t<\/div>\n\t\t\t\t\t<\/div>\n\t\t\t\t<\/div>\n\t\t<div class=\"elementor-element elementor-element-55db0d6 e-flex e-con-boxed e-con e-parent\" data-id=\"55db0d6\" data-element_type=\"container\" data-settings=\"{&quot;content_width&quot;:&quot;boxed&quot;}\" data-core-v316-plus=\"true\">\n\t\t\t\t\t<div class=\"e-con-inner\">\n\t\t<div class=\"elementor-element elementor-element-ca67c38 e-con-full e-flex e-con e-child\" data-id=\"ca67c38\" data-element_type=\"container\" data-settings=\"{&quot;content_width&quot;:&quot;full&quot;}\">\n\t\t\t\t<div class=\"elementor-element elementor-element-94cbd0a elementor-widget elementor-widget-image\" data-id=\"94cbd0a\" data-element_type=\"widget\" data-widget_type=\"image.default\">\n\t\t\t\t<div class=\"elementor-widget-container\">\n\t\t\t\t\t\t\t\t\t\t\t\t\t\t\t<img decoding=\"async\" width=\"460\" height=\"692\" src=\"https:\/\/fannyroz.com\/wp-content\/uploads\/2025\/11\/Capture-decran-2025-11-14-a-18.02.17.png\" class=\"attachment-large size-large wp-image-3454\" alt=\"\" srcset=\"https:\/\/fannyroz.com\/wp-content\/uploads\/2025\/11\/Capture-decran-2025-11-14-a-18.02.17.png 460w, https:\/\/fannyroz.com\/wp-content\/uploads\/2025\/11\/Capture-decran-2025-11-14-a-18.02.17-199x300.png 199w\" sizes=\"(max-width: 460px) 100vw, 460px\" \/>\t\t\t\t\t\t\t\t\t\t\t\t\t\t\t<\/div>\n\t\t\t\t<\/div>\n\t\t\t\t<\/div>\n\t\t<div class=\"elementor-element elementor-element-3c7e4d4 e-con-full e-flex e-con e-child\" data-id=\"3c7e4d4\" data-element_type=\"container\" data-settings=\"{&quot;content_width&quot;:&quot;full&quot;}\">\n\t\t\t\t<div class=\"elementor-element elementor-element-00d933a elementor-widget elementor-widget-heading\" data-id=\"00d933a\" data-element_type=\"widget\" data-widget_type=\"heading.default\">\n\t\t\t\t<div class=\"elementor-widget-container\">\n\t\t\t<h2 class=\"elementor-heading-title elementor-size-default\">Une cr\u00e9ation 2022 par la Cie \"Et Puis Aussi...\" <\/h2>\t\t<\/div>\n\t\t\t\t<\/div>\n\t\t\t\t<div class=\"elementor-element elementor-element-3f0b300 elementor-widget elementor-widget-text-editor\" data-id=\"3f0b300\" data-element_type=\"widget\" data-widget_type=\"text-editor.default\">\n\t\t\t\t<div class=\"elementor-widget-container\">\n\t\t\t<style>\/*! elementor - v3.17.0 - 08-11-2023 *\/\n.elementor-widget-text-editor.elementor-drop-cap-view-stacked .elementor-drop-cap{background-color:#69727d;color:#fff}.elementor-widget-text-editor.elementor-drop-cap-view-framed .elementor-drop-cap{color:#69727d;border:3px solid;background-color:transparent}.elementor-widget-text-editor:not(.elementor-drop-cap-view-default) .elementor-drop-cap{margin-top:8px}.elementor-widget-text-editor:not(.elementor-drop-cap-view-default) .elementor-drop-cap-letter{width:1em;height:1em}.elementor-widget-text-editor .elementor-drop-cap{float:left;text-align:center;line-height:1;font-size:50px}.elementor-widget-text-editor .elementor-drop-cap-letter{display:inline-block}<\/style>\t\t\t\t<div id=\"bgLayers_comp-l8usdnhf\" class=\"MW5IWV\" data-hook=\"bgLayers\" data-motion-part=\"BG_LAYER comp-l8usdnhf\">\u00a0<\/div><div class=\"\" data-mesh-id=\"comp-l8usdnhfinlineContent\" data-testid=\"inline-content\"><div data-mesh-id=\"comp-l8usdnhfinlineContent-gridContainer\" data-testid=\"mesh-container-content\"><div id=\"comp-l8usdnho\" class=\"Z_l5lU ku3DBC zQ9jDz qvSjx3 Vq6kJx comp-l8usdnho wixui-rich-text\" data-testid=\"richTextElement\"><p class=\"font_8 wixui-rich-text__text\"><em><span class=\"wixui-rich-text__text\">\u00a0\u00bb Je m&rsquo;appelle Nuit, comme la nuit des temps<\/span><\/em><\/p><p class=\"font_8 wixui-rich-text__text\"><em><span class=\"wixui-rich-text__text\">J&rsquo;ai toujours \u00e9t\u00e9 l\u00e0, quelque part en vous, en moi&#8230;<\/span><\/em><\/p><p class=\"font_8 wixui-rich-text__text\"><em><span class=\"wixui-rich-text__text\">Je m&rsquo;appelle Nuit et je ne parle pas \u00ab\u00a0<\/span><\/em><\/p><p class=\"font_8 wixui-rich-text__text\"><span class=\"wixui-rich-text__text\">Le Silence de Nuit est un manifeste \u00e0 la diff\u00e9rence, un pr\u00e9lude \u00e0 la libert\u00e9, un \u00e9lan \u00e0 se lever, \u00e0 s&rsquo;\u00e9veiller&#8230; <\/span><span class=\"wixui-rich-text__text\">\u200b<\/span><span class=\"wixui-rich-text__text\">10 danseuses, com\u00e9diennes et musiciens, amateurs et professionnels, portent avec \u00e9lan un texte fort et sensible, <\/span><span class=\"wixui-rich-text__text\">un r\u00e9cit autobiographique parlant de la fonction du handicap dans notre soci\u00e9t\u00e9.<\/span><\/p><p class=\"font_8 wixui-rich-text__text\"><span style=\"text-decoration: underline;\"><span class=\"wixui-rich-text__text\">\u200b\u200b<\/span><span class=\"wixui-rich-text__text\">Le handicap n&rsquo;est pas une trag\u00e9die c&rsquo;est une mani\u00e8re de questionner et d&rsquo;interpeler le vivant !<\/span><\/span><\/p><\/div><\/div><\/div>\t\t\t\t\t\t<\/div>\n\t\t\t\t<\/div>\n\t\t\t\t<\/div>\n\t\t<div class=\"elementor-element elementor-element-45ca216 e-con-full e-flex e-con e-child\" data-id=\"45ca216\" data-element_type=\"container\" data-settings=\"{&quot;content_width&quot;:&quot;full&quot;}\">\n\t\t\t\t<div class=\"elementor-element elementor-element-587ac7c elementor-widget elementor-widget-image\" data-id=\"587ac7c\" data-element_type=\"widget\" data-widget_type=\"image.default\">\n\t\t\t\t<div class=\"elementor-widget-container\">\n\t\t\t\t\t\t\t\t\t\t\t\t\t\t\t<img decoding=\"async\" width=\"460\" height=\"692\" src=\"https:\/\/fannyroz.com\/wp-content\/uploads\/2025\/11\/Capture-decran-2025-11-14-a-18.03.01.png\" class=\"attachment-large size-large wp-image-3455\" alt=\"\" srcset=\"https:\/\/fannyroz.com\/wp-content\/uploads\/2025\/11\/Capture-decran-2025-11-14-a-18.03.01.png 460w, https:\/\/fannyroz.com\/wp-content\/uploads\/2025\/11\/Capture-decran-2025-11-14-a-18.03.01-199x300.png 199w\" sizes=\"(max-width: 460px) 100vw, 460px\" \/>\t\t\t\t\t\t\t\t\t\t\t\t\t\t\t<\/div>\n\t\t\t\t<\/div>\n\t\t\t\t<\/div>\n\t\t\t\t\t<\/div>\n\t\t\t\t<\/div>\n\t\t<div class=\"elementor-element elementor-element-394dea0 e-flex e-con-boxed e-con e-parent\" data-id=\"394dea0\" data-element_type=\"container\" data-settings=\"{&quot;background_background&quot;:&quot;classic&quot;,&quot;content_width&quot;:&quot;boxed&quot;}\" data-core-v316-plus=\"true\">\n\t\t\t\t\t<div class=\"e-con-inner\">\n\t\t\t\t<div class=\"elementor-element elementor-element-974c542 elementor-widget__width-initial elementor-widget elementor-widget-video\" data-id=\"974c542\" data-element_type=\"widget\" data-settings=\"{&quot;youtube_url&quot;:&quot;https:\\\/\\\/youtu.be\\\/qbTWYKBBs8k?si=tQnnw9YyVLzPyb5N&quot;,&quot;video_type&quot;:&quot;youtube&quot;,&quot;controls&quot;:&quot;yes&quot;}\" data-widget_type=\"video.default\">\n\t\t\t\t<div class=\"elementor-widget-container\">\n\t\t\t<style>\/*! elementor - v3.17.0 - 08-11-2023 *\/\n.elementor-widget-video .elementor-widget-container{overflow:hidden;transform:translateZ(0)}.elementor-widget-video .elementor-wrapper{aspect-ratio:var(--video-aspect-ratio)}.elementor-widget-video .elementor-wrapper iframe,.elementor-widget-video .elementor-wrapper video{height:100%;width:100%;display:flex;border:none;background-color:#000}@supports not (aspect-ratio:1\/1){.elementor-widget-video .elementor-wrapper{position:relative;overflow:hidden;height:0;padding-bottom:calc(100% \/ var(--video-aspect-ratio))}.elementor-widget-video .elementor-wrapper iframe,.elementor-widget-video .elementor-wrapper video{position:absolute;top:0;right:0;bottom:0;left:0}}.elementor-widget-video .elementor-open-inline .elementor-custom-embed-image-overlay{position:absolute;top:0;right:0;bottom:0;left:0;background-size:cover;background-position:50%}.elementor-widget-video .elementor-custom-embed-image-overlay{cursor:pointer;text-align:center}.elementor-widget-video .elementor-custom-embed-image-overlay:hover .elementor-custom-embed-play i{opacity:1}.elementor-widget-video .elementor-custom-embed-image-overlay img{display:block;width:100%;aspect-ratio:var(--video-aspect-ratio);-o-object-fit:cover;object-fit:cover;-o-object-position:center center;object-position:center center}@supports not (aspect-ratio:1\/1){.elementor-widget-video .elementor-custom-embed-image-overlay{position:relative;overflow:hidden;height:0;padding-bottom:calc(100% \/ var(--video-aspect-ratio))}.elementor-widget-video .elementor-custom-embed-image-overlay img{position:absolute;top:0;right:0;bottom:0;left:0}}.elementor-widget-video .e-hosted-video .elementor-video{-o-object-fit:cover;object-fit:cover}.e-con-inner>.elementor-widget-video,.e-con>.elementor-widget-video{width:var(--container-widget-width);--flex-grow:var(--container-widget-flex-grow)}<\/style>\t\t<div class=\"elementor-wrapper elementor-open-inline\">\n\t\t\t<div class=\"elementor-video\"><\/div>\t\t<\/div>\n\t\t\t\t<\/div>\n\t\t\t\t<\/div>\n\t\t\t\t\t<\/div>\n\t\t\t\t<\/div>\n\t\t\t\t\t\t\t<\/div>\n\t\t","protected":false},"excerpt":{"rendered":"<p>&#8211; LE SILENCE DE NUIT &#8211; Une cr\u00e9ation 2022 par la Cie \u00ab\u00a0Et Puis Aussi&#8230;\u00a0\u00bb \u00a0 \u00a0\u00bb Je m&rsquo;appelle Nuit, comme la nuit des temps J&rsquo;ai toujours \u00e9t\u00e9 l\u00e0, quelque part en vous, en moi&#8230; Je m&rsquo;appelle Nuit et je ne parle pas \u00ab\u00a0 Le Silence de Nuit est un manifeste \u00e0 la diff\u00e9rence, un&#8230;<\/p>\n","protected":false},"author":1,"featured_media":0,"parent":0,"menu_order":0,"comment_status":"closed","ping_status":"closed","template":"","meta":{"_kad_post_transparent":"","_kad_post_title":"hide","_kad_post_layout":"fullwidth","_kad_post_sidebar_id":"","_kad_post_content_style":"unboxed","_kad_post_vertical_padding":"hide","_kad_post_feature":"hide","_kad_post_feature_position":"","_kad_post_header":false,"_kad_post_footer":false,"footnotes":""},"_links":{"self":[{"href":"https:\/\/fannyroz.com\/index.php\/wp-json\/wp\/v2\/pages\/3438"}],"collection":[{"href":"https:\/\/fannyroz.com\/index.php\/wp-json\/wp\/v2\/pages"}],"about":[{"href":"https:\/\/fannyroz.com\/index.php\/wp-json\/wp\/v2\/types\/page"}],"author":[{"embeddable":true,"href":"https:\/\/fannyroz.com\/index.php\/wp-json\/wp\/v2\/users\/1"}],"replies":[{"embeddable":true,"href":"https:\/\/fannyroz.com\/index.php\/wp-json\/wp\/v2\/comments?post=3438"}],"version-history":[{"count":31,"href":"https:\/\/fannyroz.com\/index.php\/wp-json\/wp\/v2\/pages\/3438\/revisions"}],"predecessor-version":[{"id":3493,"href":"https:\/\/fannyroz.com\/index.php\/wp-json\/wp\/v2\/pages\/3438\/revisions\/3493"}],"wp:attachment":[{"href":"https:\/\/fannyroz.com\/index.php\/wp-json\/wp\/v2\/media?parent=3438"}],"curies":[{"name":"wp","href":"https:\/\/api.w.org\/{rel}","templated":true}]}}