{"id":577,"date":"2023-11-23T18:54:49","date_gmt":"2023-11-23T17:54:49","guid":{"rendered":"https:\/\/fannyroz.com\/?page_id=577"},"modified":"2026-04-02T15:57:02","modified_gmt":"2026-04-02T13:57:02","slug":"chamel-n5","status":"publish","type":"page","link":"https:\/\/fannyroz.com\/index.php\/chamel-n5\/","title":{"rendered":"Chamel n\u00b05"},"content":{"rendered":"\t\t<div data-elementor-type=\"wp-page\" data-elementor-id=\"577\" class=\"elementor elementor-577\">\n\t\t\t\t\t\t\t<div class=\"elementor-element elementor-element-2f245f98 e-flex e-con-boxed e-con e-parent\" data-id=\"2f245f98\" data-element_type=\"container\" data-settings=\"{&quot;background_background&quot;:&quot;classic&quot;,&quot;shape_divider_bottom&quot;:&quot;arrow&quot;,&quot;content_width&quot;:&quot;boxed&quot;}\" data-core-v316-plus=\"true\">\n\t\t\t\t\t<div class=\"e-con-inner\">\n\t\t\t\t<div class=\"elementor-shape elementor-shape-bottom\" data-negative=\"false\">\n\t\t\t<svg xmlns=\"http:\/\/www.w3.org\/2000\/svg\" viewBox=\"0 0 700 10\" preserveAspectRatio=\"none\">\n\t<path class=\"elementor-shape-fill\" d=\"M350,10L340,0h20L350,10z\"\/>\n<\/svg>\t\t<\/div>\n\t\t\t\t<div class=\"elementor-element elementor-element-4ead8e6f elementor-widget elementor-widget-image\" data-id=\"4ead8e6f\" data-element_type=\"widget\" data-widget_type=\"image.default\">\n\t\t\t\t<div class=\"elementor-widget-container\">\n\t\t\t<style>\/*! elementor - v3.17.0 - 08-11-2023 *\/\n.elementor-widget-image{text-align:center}.elementor-widget-image a{display:inline-block}.elementor-widget-image a img[src$=\".svg\"]{width:48px}.elementor-widget-image img{vertical-align:middle;display:inline-block}<\/style>\t\t\t\t\t\t\t\t\t\t\t\t<img fetchpriority=\"high\" decoding=\"async\" width=\"2048\" height=\"1365\" src=\"https:\/\/fannyroz.com\/wp-content\/uploads\/2026\/04\/2506_CHAMEL5_50UHD.jpg\" class=\"elementor-animation-sink attachment-full size-full wp-image-3714\" alt=\"\" srcset=\"https:\/\/fannyroz.com\/wp-content\/uploads\/2026\/04\/2506_CHAMEL5_50UHD.jpg 2048w, https:\/\/fannyroz.com\/wp-content\/uploads\/2026\/04\/2506_CHAMEL5_50UHD-300x200.jpg 300w, https:\/\/fannyroz.com\/wp-content\/uploads\/2026\/04\/2506_CHAMEL5_50UHD-1024x683.jpg 1024w, https:\/\/fannyroz.com\/wp-content\/uploads\/2026\/04\/2506_CHAMEL5_50UHD-768x512.jpg 768w, https:\/\/fannyroz.com\/wp-content\/uploads\/2026\/04\/2506_CHAMEL5_50UHD-1536x1024.jpg 1536w\" sizes=\"(max-width: 2048px) 100vw, 2048px\" \/>\t\t\t\t\t\t\t\t\t\t\t\t\t\t\t<\/div>\n\t\t\t\t<\/div>\n\t\t\t\t<div class=\"elementor-element elementor-element-2aa2f8e3 elementor-widget elementor-widget-heading\" data-id=\"2aa2f8e3\" data-element_type=\"widget\" data-widget_type=\"heading.default\">\n\t\t\t\t<div class=\"elementor-widget-container\">\n\t\t\t<style>\/*! elementor - v3.17.0 - 08-11-2023 *\/\n.elementor-heading-title{padding:0;margin:0;line-height:1}.elementor-widget-heading .elementor-heading-title[class*=elementor-size-]>a{color:inherit;font-size:inherit;line-height:inherit}.elementor-widget-heading .elementor-heading-title.elementor-size-small{font-size:15px}.elementor-widget-heading .elementor-heading-title.elementor-size-medium{font-size:19px}.elementor-widget-heading .elementor-heading-title.elementor-size-large{font-size:29px}.elementor-widget-heading .elementor-heading-title.elementor-size-xl{font-size:39px}.elementor-widget-heading .elementor-heading-title.elementor-size-xxl{font-size:59px}<\/style><h1 class=\"elementor-heading-title elementor-size-default\">- CHAMEL N\u00b05 -<\/h1>\t\t<\/div>\n\t\t\t\t<\/div>\n\t\t\t\t\t<\/div>\n\t\t\t\t<\/div>\n\t\t<div class=\"elementor-element elementor-element-de66895 e-flex e-con-boxed e-con e-parent\" data-id=\"de66895\" data-element_type=\"container\" data-settings=\"{&quot;content_width&quot;:&quot;boxed&quot;}\" data-core-v316-plus=\"true\">\n\t\t\t\t\t<div class=\"e-con-inner\">\n\t\t<div class=\"elementor-element elementor-element-ec0b77f e-con-full e-flex e-con e-child\" data-id=\"ec0b77f\" data-element_type=\"container\" data-settings=\"{&quot;content_width&quot;:&quot;full&quot;}\">\n\t\t\t\t<div class=\"elementor-element elementor-element-1a23b94 elementor-widget elementor-widget-image\" data-id=\"1a23b94\" data-element_type=\"widget\" data-widget_type=\"image.default\">\n\t\t\t\t<div class=\"elementor-widget-container\">\n\t\t\t\t\t\t\t\t\t\t\t\t\t\t\t<img decoding=\"async\" width=\"683\" height=\"1024\" src=\"https:\/\/fannyroz.com\/wp-content\/uploads\/2026\/04\/2506_CHAMEL5_61UHD-copie-683x1024.jpg\" class=\"attachment-large size-large wp-image-3715\" alt=\"\" srcset=\"https:\/\/fannyroz.com\/wp-content\/uploads\/2026\/04\/2506_CHAMEL5_61UHD-copie-683x1024.jpg 683w, https:\/\/fannyroz.com\/wp-content\/uploads\/2026\/04\/2506_CHAMEL5_61UHD-copie-200x300.jpg 200w, https:\/\/fannyroz.com\/wp-content\/uploads\/2026\/04\/2506_CHAMEL5_61UHD-copie-768x1152.jpg 768w, https:\/\/fannyroz.com\/wp-content\/uploads\/2026\/04\/2506_CHAMEL5_61UHD-copie.jpg 1000w\" sizes=\"(max-width: 683px) 100vw, 683px\" \/>\t\t\t\t\t\t\t\t\t\t\t\t\t\t\t<\/div>\n\t\t\t\t<\/div>\n\t\t\t\t<\/div>\n\t\t<div class=\"elementor-element elementor-element-5f82e9d e-con-full e-flex e-con e-child\" data-id=\"5f82e9d\" data-element_type=\"container\" data-settings=\"{&quot;content_width&quot;:&quot;full&quot;}\">\n\t\t\t\t<div class=\"elementor-element elementor-element-0483832 elementor-widget elementor-widget-image\" data-id=\"0483832\" data-element_type=\"widget\" data-widget_type=\"image.default\">\n\t\t\t\t<div class=\"elementor-widget-container\">\n\t\t\t\t\t\t\t\t\t\t\t\t\t\t\t<img decoding=\"async\" width=\"1024\" height=\"473\" src=\"https:\/\/fannyroz.com\/wp-content\/uploads\/2024\/02\/Chamel20nC2B0520elkfha20sans20fond-e1707744264850-1024x473.png\" class=\"attachment-large size-large wp-image-2549\" alt=\"\" srcset=\"https:\/\/fannyroz.com\/wp-content\/uploads\/2024\/02\/Chamel20nC2B0520elkfha20sans20fond-e1707744264850-1024x473.png 1024w, https:\/\/fannyroz.com\/wp-content\/uploads\/2024\/02\/Chamel20nC2B0520elkfha20sans20fond-e1707744264850-300x138.png 300w, https:\/\/fannyroz.com\/wp-content\/uploads\/2024\/02\/Chamel20nC2B0520elkfha20sans20fond-e1707744264850-768x354.png 768w, https:\/\/fannyroz.com\/wp-content\/uploads\/2024\/02\/Chamel20nC2B0520elkfha20sans20fond-e1707744264850-1536x709.png 1536w, https:\/\/fannyroz.com\/wp-content\/uploads\/2024\/02\/Chamel20nC2B0520elkfha20sans20fond-e1707744264850-2048x945.png 2048w\" sizes=\"(max-width: 1024px) 100vw, 1024px\" \/>\t\t\t\t\t\t\t\t\t\t\t\t\t\t\t<\/div>\n\t\t\t\t<\/div>\n\t\t\t\t<div class=\"elementor-element elementor-element-3523f53 elementor-widget elementor-widget-text-editor\" data-id=\"3523f53\" data-element_type=\"widget\" data-widget_type=\"text-editor.default\">\n\t\t\t\t<div class=\"elementor-widget-container\">\n\t\t\t<style>\/*! elementor - v3.17.0 - 08-11-2023 *\/\n.elementor-widget-text-editor.elementor-drop-cap-view-stacked .elementor-drop-cap{background-color:#69727d;color:#fff}.elementor-widget-text-editor.elementor-drop-cap-view-framed .elementor-drop-cap{color:#69727d;border:3px solid;background-color:transparent}.elementor-widget-text-editor:not(.elementor-drop-cap-view-default) .elementor-drop-cap{margin-top:8px}.elementor-widget-text-editor:not(.elementor-drop-cap-view-default) .elementor-drop-cap-letter{width:1em;height:1em}.elementor-widget-text-editor .elementor-drop-cap{float:left;text-align:center;line-height:1;font-size:50px}.elementor-widget-text-editor .elementor-drop-cap-letter{display:inline-block}<\/style>\t\t\t\t<div class=\"\" data-block=\"true\" data-editor=\"1vfa7\" data-offset-key=\"c6hmv-0-0\"><div class=\"public-DraftStyleDefault-block public-DraftStyleDefault-ltr\" data-offset-key=\"c6hmv-0-0\"><span data-offset-key=\"c6hmv-0-0\">CHAMEL N\u00b05 c&rsquo;est un duo et c&rsquo;est aussi un autre projet de cr\u00e9ation que porte Fanny Roz et Camille Lemarchand.\u00a0<\/span><span style=\"font-family: var(--global-body-font-family);\" data-offset-key=\"ccoen-0-0\">Les deux amies se sont connues adolescentes car elles prennaient des cours de chant lyriques ensemble dans une petit association Commingeoise. Voix O&rsquo;Show.\u00a0<\/span><span style=\"font-family: var(--global-body-font-family);\">Jeunes adultes, elles ont travaill\u00e9 ensemble dans des s\u00e9jours enfants th\u00e9\u00e2tre et musique o\u00f9 elles cr\u00e9aient des spectacles avec des jeunes.\u00a0<\/span><span style=\"font-family: var(--global-body-font-family);\">Et un jour, elles ont eut envie m\u00e9ler leurs arts, la musique et le th\u00e9\u00e2tre pour faire leur propre cr\u00e9ation. Elles se sont aussi lancer le d\u00e9fi de d\u00e9placer leur spectacle \u00e0 v\u00e9lo.\u00a0<\/span><span style=\"font-family: var(--global-body-font-family);\">De l\u00e0 est n\u00e9 leur duo CHAMEL N\u00b05 , leur premier spectacle \u00ab\u00a0Fragrance d&rsquo;amour\u00a0\u00bb et leurs trois premi\u00e8res tourn\u00e9es \u00e0 v\u00e9lo.<\/span><\/div><\/div>\t\t\t\t\t\t<\/div>\n\t\t\t\t<\/div>\n\t\t\t\t<\/div>\n\t\t\t\t\t<\/div>\n\t\t\t\t<\/div>\n\t\t<div class=\"elementor-element elementor-element-87a90af e-flex e-con-boxed e-con e-parent\" data-id=\"87a90af\" data-element_type=\"container\" data-settings=\"{&quot;background_background&quot;:&quot;classic&quot;,&quot;content_width&quot;:&quot;boxed&quot;}\" data-core-v316-plus=\"true\">\n\t\t\t\t\t<div class=\"e-con-inner\">\n\t\t\t\t<div class=\"elementor-element elementor-element-ccea8f8 elementor-widget elementor-widget-video\" data-id=\"ccea8f8\" data-element_type=\"widget\" data-settings=\"{&quot;youtube_url&quot;:&quot;https:\\\/\\\/www.youtube.com\\\/watch?v=rdtXlTolm9A&amp;ab_channel=FannyRoz&quot;,&quot;video_type&quot;:&quot;youtube&quot;,&quot;controls&quot;:&quot;yes&quot;}\" data-widget_type=\"video.default\">\n\t\t\t\t<div class=\"elementor-widget-container\">\n\t\t\t<style>\/*! elementor - v3.17.0 - 08-11-2023 *\/\n.elementor-widget-video .elementor-widget-container{overflow:hidden;transform:translateZ(0)}.elementor-widget-video .elementor-wrapper{aspect-ratio:var(--video-aspect-ratio)}.elementor-widget-video .elementor-wrapper iframe,.elementor-widget-video .elementor-wrapper video{height:100%;width:100%;display:flex;border:none;background-color:#000}@supports not (aspect-ratio:1\/1){.elementor-widget-video .elementor-wrapper{position:relative;overflow:hidden;height:0;padding-bottom:calc(100% \/ var(--video-aspect-ratio))}.elementor-widget-video .elementor-wrapper iframe,.elementor-widget-video .elementor-wrapper video{position:absolute;top:0;right:0;bottom:0;left:0}}.elementor-widget-video .elementor-open-inline .elementor-custom-embed-image-overlay{position:absolute;top:0;right:0;bottom:0;left:0;background-size:cover;background-position:50%}.elementor-widget-video .elementor-custom-embed-image-overlay{cursor:pointer;text-align:center}.elementor-widget-video .elementor-custom-embed-image-overlay:hover .elementor-custom-embed-play i{opacity:1}.elementor-widget-video .elementor-custom-embed-image-overlay img{display:block;width:100%;aspect-ratio:var(--video-aspect-ratio);-o-object-fit:cover;object-fit:cover;-o-object-position:center center;object-position:center center}@supports not (aspect-ratio:1\/1){.elementor-widget-video .elementor-custom-embed-image-overlay{position:relative;overflow:hidden;height:0;padding-bottom:calc(100% \/ var(--video-aspect-ratio))}.elementor-widget-video .elementor-custom-embed-image-overlay img{position:absolute;top:0;right:0;bottom:0;left:0}}.elementor-widget-video .e-hosted-video .elementor-video{-o-object-fit:cover;object-fit:cover}.e-con-inner>.elementor-widget-video,.e-con>.elementor-widget-video{width:var(--container-widget-width);--flex-grow:var(--container-widget-flex-grow)}<\/style>\t\t<div class=\"elementor-wrapper elementor-open-inline\">\n\t\t\t<div class=\"elementor-video\"><\/div>\t\t<\/div>\n\t\t\t\t<\/div>\n\t\t\t\t<\/div>\n\t\t\t\t\t<\/div>\n\t\t\t\t<\/div>\n\t\t<div class=\"elementor-element elementor-element-36b7e03 e-flex e-con-boxed e-con e-parent\" data-id=\"36b7e03\" data-element_type=\"container\" data-settings=\"{&quot;background_background&quot;:&quot;classic&quot;,&quot;content_width&quot;:&quot;boxed&quot;}\" data-core-v316-plus=\"true\">\n\t\t\t\t\t<div class=\"e-con-inner\">\n\t\t<div class=\"elementor-element elementor-element-9bb0089 e-con-full e-flex e-con e-child\" data-id=\"9bb0089\" data-element_type=\"container\" data-settings=\"{&quot;content_width&quot;:&quot;full&quot;}\">\n\t\t\t\t<div class=\"elementor-element elementor-element-79e699e elementor-widget elementor-widget-heading\" data-id=\"79e699e\" data-element_type=\"widget\" data-widget_type=\"heading.default\">\n\t\t\t\t<div class=\"elementor-widget-container\">\n\t\t\t<h2 class=\"elementor-heading-title elementor-size-default\">Le spectacle \"Fragrance d'amour\"<\/h2>\t\t<\/div>\n\t\t\t\t<\/div>\n\t\t\t\t<div class=\"elementor-element elementor-element-979456e elementor-widget elementor-widget-text-editor\" data-id=\"979456e\" data-element_type=\"widget\" data-widget_type=\"text-editor.default\">\n\t\t\t\t<div class=\"elementor-widget-container\">\n\t\t\t\t\t\t\t<div class=\"\" data-block=\"true\" data-editor=\"66ip8\" data-offset-key=\"5pdpa-0-0\"><div class=\"public-DraftStyleDefault-block public-DraftStyleDefault-ltr\" data-offset-key=\"5pdpa-0-0\"><span style=\"font-family: var(--global-body-font-family);\" data-offset-key=\"6am36-0-0\">Chamel N\u00b05 <\/span><span style=\"font-family: var(--global-body-font-family);\" data-offset-key=\"6am36-0-1\">se sont deux femmes : Fanil et Camil qui de\u0301cident de partir a\u0300 ve\u0301lo sur les routes. Fanil a besoin de prendre l\u2019air et embarque son amie Camil pour entreprendre le pari fou de partir a\u0300 ve\u0301lo chez les gens pour leur chanter des chansons. Elles partiront peut-e\u0302tre une heure, peut-e\u0302tre une vie pour mettre en mots, en corps et en me\u0301lodies leurs questionnements sur notre monde. Pour cela elles transportent leurs instruments : la harpe, la guitare et les percussions, et leur humour !\u00a0<\/span><span style=\"font-family: var(--global-body-font-family);\" data-offset-key=\"83us9-0-0\">Tout au long de leur itine\u0301raire, <\/span><span style=\"font-family: var(--global-body-font-family);\" data-offset-key=\"83us9-0-1\">elles se posent des questions sous forme de dialogue existentiel et surre\u0301aliste. <\/span><span style=\"font-family: var(--global-body-font-family);\" data-offset-key=\"83us9-0-2\">Dans cette caravane d\u2019ide\u0301es elles abordent avec humour des the\u0300mes tel que le doute, l\u2019invitation a\u0300 la simplicite\u0301, a\u0300 la nuances d&rsquo;e\u0302tre, le positionnement, la connexion au sensible.<\/span><\/div><\/div><div class=\"\" data-block=\"true\" data-editor=\"66ip8\" data-offset-key=\"e7pjj-0-0\"><div class=\"public-DraftStyleDefault-block public-DraftStyleDefault-ltr\" data-offset-key=\"e7pjj-0-0\"><span data-offset-key=\"e7pjj-0-0\">Un beau voyage pour partager la folie douce de ces deux personnages loufoques.<\/span><\/div><\/div>\t\t\t\t\t\t<\/div>\n\t\t\t\t<\/div>\n\t\t\t\t<\/div>\n\t\t<div class=\"elementor-element elementor-element-451faec e-con-full e-flex e-con e-child\" data-id=\"451faec\" data-element_type=\"container\" data-settings=\"{&quot;content_width&quot;:&quot;full&quot;}\">\n\t\t\t\t<div class=\"elementor-element elementor-element-4d8af20 elementor-widget elementor-widget-image\" data-id=\"4d8af20\" data-element_type=\"widget\" data-widget_type=\"image.default\">\n\t\t\t\t<div class=\"elementor-widget-container\">\n\t\t\t\t\t\t\t\t\t\t\t\t\t\t\t<img loading=\"lazy\" decoding=\"async\" width=\"720\" height=\"720\" src=\"https:\/\/fannyroz.com\/wp-content\/uploads\/2024\/02\/WhatsApp20Image202023-11-2120C3A02015.19.51_71243e42.jpg\" class=\"attachment-large size-large wp-image-2554\" alt=\"\" srcset=\"https:\/\/fannyroz.com\/wp-content\/uploads\/2024\/02\/WhatsApp20Image202023-11-2120C3A02015.19.51_71243e42.jpg 720w, https:\/\/fannyroz.com\/wp-content\/uploads\/2024\/02\/WhatsApp20Image202023-11-2120C3A02015.19.51_71243e42-300x300.jpg 300w, https:\/\/fannyroz.com\/wp-content\/uploads\/2024\/02\/WhatsApp20Image202023-11-2120C3A02015.19.51_71243e42-150x150.jpg 150w\" sizes=\"(max-width: 720px) 100vw, 720px\" \/>\t\t\t\t\t\t\t\t\t\t\t\t\t\t\t<\/div>\n\t\t\t\t<\/div>\n\t\t\t\t<\/div>\n\t\t\t\t\t<\/div>\n\t\t\t\t<\/div>\n\t\t<div class=\"elementor-element elementor-element-6c91f06 e-flex e-con-boxed e-con e-parent\" data-id=\"6c91f06\" data-element_type=\"container\" data-settings=\"{&quot;background_background&quot;:&quot;classic&quot;,&quot;content_width&quot;:&quot;boxed&quot;}\" data-core-v316-plus=\"true\">\n\t\t\t\t\t<div class=\"e-con-inner\">\n\t\t\t\t<div class=\"elementor-element elementor-element-204a9b0 elementor-widget elementor-widget-video\" data-id=\"204a9b0\" data-element_type=\"widget\" data-settings=\"{&quot;youtube_url&quot;:&quot;https:\\\/\\\/youtu.be\\\/PVCzPnULsik?si=Y4tokULdAeOzDmEE&quot;,&quot;video_type&quot;:&quot;youtube&quot;,&quot;controls&quot;:&quot;yes&quot;}\" data-widget_type=\"video.default\">\n\t\t\t\t<div class=\"elementor-widget-container\">\n\t\t\t\t\t<div class=\"elementor-wrapper elementor-open-inline\">\n\t\t\t<div class=\"elementor-video\"><\/div>\t\t<\/div>\n\t\t\t\t<\/div>\n\t\t\t\t<\/div>\n\t\t\t\t\t<\/div>\n\t\t\t\t<\/div>\n\t\t<div class=\"elementor-element elementor-element-7e974bb e-flex e-con-boxed e-con e-parent\" data-id=\"7e974bb\" data-element_type=\"container\" data-settings=\"{&quot;content_width&quot;:&quot;boxed&quot;}\" data-core-v316-plus=\"true\">\n\t\t\t\t\t<div class=\"e-con-inner\">\n\t\t\t\t<div class=\"elementor-element elementor-element-1b8dc24 elementor-widget elementor-widget-image\" data-id=\"1b8dc24\" data-element_type=\"widget\" data-widget_type=\"image.default\">\n\t\t\t\t<div class=\"elementor-widget-container\">\n\t\t\t\t\t\t\t\t\t\t\t\t\t\t\t<img decoding=\"async\" src=\"https:\/\/fannyroz.com\/wp-content\/plugins\/elementor\/assets\/images\/placeholder.png\" title=\"\" alt=\"\" loading=\"lazy\" \/>\t\t\t\t\t\t\t\t\t\t\t\t\t\t\t<\/div>\n\t\t\t\t<\/div>\n\t\t\t\t\t<\/div>\n\t\t\t\t<\/div>\n\t\t\t\t\t\t\t<\/div>\n\t\t","protected":false},"excerpt":{"rendered":"<p>&#8211; CHAMEL N\u00b05 &#8211; CHAMEL N\u00b05 c&rsquo;est un duo et c&rsquo;est aussi un autre projet de cr\u00e9ation que porte Fanny Roz et Camille Lemarchand.\u00a0Les deux amies se sont connues adolescentes car elles prennaient des cours de chant lyriques ensemble dans une petit association Commingeoise. Voix O&rsquo;Show.\u00a0Jeunes adultes, elles ont travaill\u00e9 ensemble dans des s\u00e9jours enfants&#8230;<\/p>\n","protected":false},"author":1,"featured_media":0,"parent":0,"menu_order":0,"comment_status":"closed","ping_status":"closed","template":"","meta":{"_kad_post_transparent":"","_kad_post_title":"hide","_kad_post_layout":"fullwidth","_kad_post_sidebar_id":"","_kad_post_content_style":"unboxed","_kad_post_vertical_padding":"hide","_kad_post_feature":"hide","_kad_post_feature_position":"","_kad_post_header":false,"_kad_post_footer":false,"footnotes":""},"_links":{"self":[{"href":"https:\/\/fannyroz.com\/index.php\/wp-json\/wp\/v2\/pages\/577"}],"collection":[{"href":"https:\/\/fannyroz.com\/index.php\/wp-json\/wp\/v2\/pages"}],"about":[{"href":"https:\/\/fannyroz.com\/index.php\/wp-json\/wp\/v2\/types\/page"}],"author":[{"embeddable":true,"href":"https:\/\/fannyroz.com\/index.php\/wp-json\/wp\/v2\/users\/1"}],"replies":[{"embeddable":true,"href":"https:\/\/fannyroz.com\/index.php\/wp-json\/wp\/v2\/comments?post=577"}],"version-history":[{"count":139,"href":"https:\/\/fannyroz.com\/index.php\/wp-json\/wp\/v2\/pages\/577\/revisions"}],"predecessor-version":[{"id":3718,"href":"https:\/\/fannyroz.com\/index.php\/wp-json\/wp\/v2\/pages\/577\/revisions\/3718"}],"wp:attachment":[{"href":"https:\/\/fannyroz.com\/index.php\/wp-json\/wp\/v2\/media?parent=577"}],"curies":[{"name":"wp","href":"https:\/\/api.w.org\/{rel}","templated":true}]}}